{"id":89,"date":"2024-04-29T11:07:07","date_gmt":"2024-04-29T11:07:07","guid":{"rendered":"https:\/\/hospitalesespanol.com\/?page_id=89"},"modified":"2024-04-29T11:07:07","modified_gmt":"2024-04-29T11:07:07","slug":"atencion-hospitalaria-como-espana-esta-mejorando-sus-servicios-medicos","status":"publish","type":"page","link":"https:\/\/hospitalesespanol.com\/?page_id=89","title":{"rendered":"Atenci\u00f3n Hospitalaria: C\u00f3mo Espa\u00f1a Est\u00e1 Mejorando sus Servicios M\u00e9dicos"},"content":{"rendered":"<div class=\"flex-1 overflow-hidden\">\n<div class=\"react-scroll-to-bottom--css-espxx-79elbk h-full\">\n<div class=\"react-scroll-to-bottom--css-espxx-1n7m0yu\">\n<div class=\"flex flex-col text-sm pb-9\">\n<div class=\"w-full text-token-text-primary\" dir=\"auto\" data-testid=\"conversation-turn-9\">\n<div class=\"px-4 py-2 justify-center text-base md:gap-6 m-auto\">\n<div class=\"flex flex-1 text-base mx-auto gap-3 juice:gap-4 juice:md:gap-6 md:px-5 lg:px-1 xl:px-5 md:max-w-3xl\">\n<div class=\"relative flex w-full min-w-0 flex-col agent-turn\">\n<div class=\"flex-col gap-1 md:gap-3\">\n<div class=\"flex flex-grow flex-col max-w-full\">\n<div class=\"min-h-[20px] text-message flex flex-col items-start gap-3 whitespace-pre-wrap break-words [.text-message+&amp;]:mt-5 overflow-x-auto\" dir=\"auto\" data-message-author-role=\"assistant\" data-message-id=\"5492c6ff-5db0-470d-8c0f-9209a20fe405\">\n<div class=\"markdown prose w-full break-words dark:prose-invert dark\">\n<h2>Atenci\u00f3n Hospitalaria: Mejora de la atenci\u00f3n hospitalaria en Espa\u00f1a<\/h2>\n<p>En los \u00faltimos a\u00f1os, se han producido grandes mejoras en los servicios de atenci\u00f3n hospitalaria de toda Espa\u00f1a. Para reducir los tiempos de espera y mejorar los resultados de los pacientes, los hospitales han simplificado sus procesos. La puesta en marcha de herramientas centralizadas de atenci\u00f3n al paciente es un gran paso adelante. Desde dar de alta a un paciente hasta enviarlo a casa, estas herramientas agilizan todo el proceso, eliminando los cuellos de botella que sol\u00edan tener muchos centros.<\/p>\n<p>Adem\u00e1s, los tiempos de curaci\u00f3n m\u00e1s r\u00e1pidos son ahora el principal objetivo del redise\u00f1o de los procedimientos de atenci\u00f3n hospitalaria. En los hospitales se utilizan ahora equipos multidisciplinares para asegurarse de que todas las necesidades de sus pacientes se satisfacen con rapidez y eficacia. Este m\u00e9todo no s\u00f3lo hace m\u00e1s felices a los pacientes, sino que tambi\u00e9n ayuda a los hospitales a gestionar mejor sus recursos, lo que reduce los costes y pone la atenci\u00f3n a disposici\u00f3n de m\u00e1s personas.<\/p>\n<p>La formaci\u00f3n del personal se ha modificado para incluir modelos m\u00e1s realistas y pr\u00e1cticos de situaciones de la vida real. Este \u00fatil m\u00e9todo garantiza que el personal sanitario est\u00e9 mejor preparado para atender las necesidades de una amplia gama de pacientes sin los retrasos innecesarios que pueden producirse con otros m\u00e9todos de formaci\u00f3n. Una mejor formaci\u00f3n acelera la evaluaci\u00f3n y hace que los planes de cuidados se adapten mejor a cada paciente, dos aspectos necesarios para su curaci\u00f3n.<\/p>\n<figure id=\"attachment_24\" aria-describedby=\"caption-attachment-24\" style=\"width: 601px\" class=\"wp-caption aligncenter\"><img loading=\"lazy\" decoding=\"async\" class=\"wp-image-24 size-full\" src=\"https:\/\/hospitalesespanol.com\/wp-content\/uploads\/2023\/10\/5.png\" alt=\"Atenci\u00f3n Hospitalaria\" width=\"601\" height=\"558\" srcset=\"https:\/\/hospitalesespanol.com\/wp-content\/uploads\/2023\/10\/5.png 601w, https:\/\/hospitalesespanol.com\/wp-content\/uploads\/2023\/10\/5-300x279.png 300w\" sizes=\"auto, (max-width: 601px) 100vw, 601px\" \/><figcaption id=\"caption-attachment-24\" class=\"wp-caption-text\">Estrategias Mejora Hospitalaria<\/figcaption><\/figure>\n<p>Muchos hospitales tambi\u00e9n utilizan herramientas que permiten a los pacientes hacer comentarios como parte de su trabajo diario. Estas herramientas permiten a los pacientes dar su opini\u00f3n en tiempo real sobre la atenci\u00f3n que reciben, lo que permite al personal del hospital hacer cambios de inmediato. El hecho de que el sistema se adapte a las necesidades y deseos de los pacientes demuestra que la atenci\u00f3n se est\u00e1 centrando m\u00e1s en el paciente.<\/p>\n<p>Como resultado del impulso dado a las relaciones locales, los hospitales est\u00e1n colaborando m\u00e1s estrechamente con los centros de salud y las cl\u00ednicas locales. La integraci\u00f3n de estos servicios facilita a los pacientes el paso de la atenci\u00f3n hospitalaria a la atenci\u00f3n domiciliaria o a los servicios comunitarios. Se crea as\u00ed un ciclo asistencial que ayuda a los pacientes a mejorar con el tiempo.<\/p>\n<h2>Implementaci\u00f3n de Tecnolog\u00edas Innovadoras<\/h2>\n<p>La forma de prestar asistencia en las zonas rurales ha cambiado mucho desde que se popularizaron las plataformas de telemedicina. Los pacientes pueden hablar con expertos a trav\u00e9s de estas tecnolog\u00edas sin tener que recorrer grandes distancias. La telemedicina ahorra tiempo y garantiza que los pacientes reciban las citas a tiempo, lo que es muy importante para las afecciones que requieren una atenci\u00f3n r\u00e1pida.<\/p>\n<p>El uso de la inteligencia artificial (IA) en los procesos m\u00e9dicos los ha hecho m\u00e1s r\u00e1pidos y precisos. Los sistemas de IA funcionan especialmente bien en las pruebas de imagen, donde ayudan a encontrar patrones que los humanos podr\u00edan no ver de inmediato. Al a\u00f1adir un segundo nivel de investigaci\u00f3n, esta tecnolog\u00eda ayuda a los m\u00e9dicos a asegurarse de que los pacientes obtienen los resultados m\u00e1s precisos posibles.<\/p>\n<div id='gallery-1' class='gallery galleryid-89 gallery-columns-4 gallery-size-thumbnail'><figure class='gallery-item'>\n\t\t\t<div class='gallery-icon landscape'>\n\t\t\t\t<a href='https:\/\/hospitalesespanol.com\/?attachment_id=12'><img loading=\"lazy\" decoding=\"async\" width=\"150\" height=\"150\" src=\"https:\/\/hospitalesespanol.com\/wp-content\/uploads\/2023\/09\/7-150x150.png\" class=\"attachment-thumbnail size-thumbnail\" alt=\"Seguimiento Post-Hospitalizaci\u00f3n\" aria-describedby=\"gallery-1-12\" \/><\/a>\n\t\t\t<\/div>\n\t\t\t\t<figcaption class='wp-caption-text gallery-caption' id='gallery-1-12'>\n\t\t\t\tAsistencia Pedi\u00e1trica Hospital\n\t\t\t\t<\/figcaption><\/figure><figure class='gallery-item'>\n\t\t\t<div class='gallery-icon landscape'>\n\t\t\t\t<a href='https:\/\/hospitalesespanol.com\/?attachment_id=10'><img loading=\"lazy\" decoding=\"async\" width=\"150\" height=\"150\" src=\"https:\/\/hospitalesespanol.com\/wp-content\/uploads\/2023\/09\/5-150x150.png\" class=\"attachment-thumbnail size-thumbnail\" alt=\"Gesti\u00f3n Calidad Asistencial\" aria-describedby=\"gallery-1-10\" \/><\/a>\n\t\t\t<\/div>\n\t\t\t\t<figcaption class='wp-caption-text gallery-caption' id='gallery-1-10'>\n\t\t\t\tEficiencia Atenci\u00f3n M\u00e9dica\n\t\t\t\t<\/figcaption><\/figure><figure class='gallery-item'>\n\t\t\t<div class='gallery-icon portrait'>\n\t\t\t\t<a href='https:\/\/hospitalesespanol.com\/?attachment_id=5'><img loading=\"lazy\" decoding=\"async\" width=\"150\" height=\"150\" src=\"https:\/\/hospitalesespanol.com\/wp-content\/uploads\/2023\/09\/0-150x150.png\" class=\"attachment-thumbnail size-thumbnail\" alt=\"Cuidado Paliativo Hospital\" aria-describedby=\"gallery-1-5\" \/><\/a>\n\t\t\t<\/div>\n\t\t\t\t<figcaption class='wp-caption-text gallery-caption' id='gallery-1-5'>\n\t\t\t\tEficiencia Cl\u00ednica Hospitalaria\n\t\t\t\t<\/figcaption><\/figure><figure class='gallery-item'>\n\t\t\t<div class='gallery-icon landscape'>\n\t\t\t\t<a href='https:\/\/hospitalesespanol.com\/?attachment_id=6'><img loading=\"lazy\" decoding=\"async\" width=\"150\" height=\"150\" src=\"https:\/\/hospitalesespanol.com\/wp-content\/uploads\/2023\/09\/1-150x150.png\" class=\"attachment-thumbnail size-thumbnail\" alt=\"Gesti\u00f3n Pacientes Hospital\" aria-describedby=\"gallery-1-6\" \/><\/a>\n\t\t\t<\/div>\n\t\t\t\t<figcaption class='wp-caption-text gallery-caption' id='gallery-1-6'>\n\t\t\t\tNormativas Salud Espa\u00f1a\n\t\t\t\t<\/figcaption><\/figure>\n\t\t<\/div>\n\n<p>Los dispositivos port\u00e1tiles de seguimiento de la salud tambi\u00e9n son cada vez m\u00e1s populares. Permiten a los m\u00e9dicos vigilar las constantes vitales del paciente sin que este tenga que permanecer en el hospital todo el tiempo. El personal sanitario puede seguir la evoluci\u00f3n del paciente y modificar su tratamiento cuando sea necesario sin que el paciente tenga que salir de casa, ya que estos dispositivos le env\u00edan datos en tiempo real.<\/p>\n<p>Varios hospitales espa\u00f1oles tambi\u00e9n han empezado a utilizar robots, sobre todo en el quir\u00f3fano. Estos sistemas rob\u00f3ticos ayudan a los m\u00e9dicos a moverse con precisi\u00f3n durante las operaciones. Esto reduce la posibilidad de errores y mejora el resultado para los pacientes en procedimientos dif\u00edciles.<\/p>\n<p>Por \u00faltimo, la creaci\u00f3n de aplicaciones hospitalarias ha facilitado el control de la salud. Estas aplicaciones permiten a los pacientes ver sus datos m\u00e9dicos, concertar citas y hablar directamente con sus m\u00e9dicos, d\u00e1ndoles las herramientas que necesitan para hacerse cargo de su propia salud.<\/p>\n<p>Todas estas tecnolog\u00edas no solo ayudan al sistema sanitario, sino que tambi\u00e9n tienen un efecto directo en la atenci\u00f3n al paciente, ya que facilitan el acceso a los servicios y los hacen m\u00e1s precisos y r\u00e1pidos.<\/p>\n<figure id=\"attachment_48\" aria-describedby=\"caption-attachment-48\" style=\"width: 300px\" class=\"wp-caption aligncenter\"><img loading=\"lazy\" decoding=\"async\" class=\"size-medium wp-image-48\" src=\"https:\/\/hospitalesespanol.com\/wp-content\/uploads\/2024\/01\/IMAGEeacde9e8-f941-4c23-9328-79e304c820ca-300x200.png\" alt=\"Asistencia Sanitaria Espa\u00f1a\" width=\"300\" height=\"200\" srcset=\"https:\/\/hospitalesespanol.com\/wp-content\/uploads\/2024\/01\/IMAGEeacde9e8-f941-4c23-9328-79e304c820ca-300x200.png 300w, https:\/\/hospitalesespanol.com\/wp-content\/uploads\/2024\/01\/IMAGEeacde9e8-f941-4c23-9328-79e304c820ca-1024x683.png 1024w, https:\/\/hospitalesespanol.com\/wp-content\/uploads\/2024\/01\/IMAGEeacde9e8-f941-4c23-9328-79e304c820ca-768x512.png 768w, https:\/\/hospitalesespanol.com\/wp-content\/uploads\/2024\/01\/IMAGEeacde9e8-f941-4c23-9328-79e304c820ca-850x567.png 850w, https:\/\/hospitalesespanol.com\/wp-content\/uploads\/2024\/01\/IMAGEeacde9e8-f941-4c23-9328-79e304c820ca.png 1152w\" sizes=\"auto, (max-width: 300px) 100vw, 300px\" \/><figcaption id=\"caption-attachment-48\" class=\"wp-caption-text\">Cuidado Salud Espa\u00f1a<\/figcaption><\/figure>\n<h2>Capacitaci\u00f3n y Desarrollo del Personal M\u00e9dico<\/h2>\n<p>En Espa\u00f1a, los hospitales han cambiado recientemente la forma de formar a su personal para que sea m\u00e1s activo, centr\u00e1ndose en el aprendizaje continuo y utilizando lo aprendido de inmediato en situaciones cl\u00ednicas. Este cambio es especialmente evidente en la forma en que se est\u00e1n utilizando las simulaciones de realidad virtual (RV) para ense\u00f1ar cirug\u00eda. La tecnolog\u00eda de realidad virtual (RV) permite a los m\u00e9dicos practicar procedimientos dif\u00edciles en un entorno seguro, lo que les ayuda a mejorar antes de realizar tratamientos reales.<\/p>\n<p>La incorporaci\u00f3n de revisiones del rendimiento basadas en la retroalimentaci\u00f3n es otro gran paso adelante en el crecimiento del personal. Las herramientas de seguimiento en tiempo real vigilan el rendimiento del personal m\u00e9dico y les proporcionan informaci\u00f3n inmediata sobre c\u00f3mo tratan e interact\u00faan con los pacientes. Esta retroalimentaci\u00f3n instant\u00e1nea ayuda a detectar con rapidez las \u00e1reas en las que hay que trabajar, de modo que puedan corregirse los errores y aprenderse las lecciones.<\/p>\n<p>Se han a\u00f1adido m\u00e1s clases de formaci\u00f3n de equipos interdisciplinarios, centradas en c\u00f3mo los especialistas pueden trabajar juntos para ofrecer una mejor atenci\u00f3n a los pacientes en su conjunto. La mayor\u00eda de las veces, estos programas utilizan estudios de casos y situaciones basadas en interacciones reales con pacientes. Esto ayuda a todos los miembros del equipo a comprender mejor su papel y mejora la comunicaci\u00f3n durante la atenci\u00f3n al paciente.<\/p>\n<figure id=\"attachment_52\" aria-describedby=\"caption-attachment-52\" style=\"width: 300px\" class=\"wp-caption aligncenter\"><img loading=\"lazy\" decoding=\"async\" class=\"size-medium wp-image-52\" src=\"https:\/\/hospitalesespanol.com\/wp-content\/uploads\/2024\/01\/IMAGE878d3d71-45db-42d8-8f1b-413dcab29bea-300x200.png\" alt=\"Paciente Hospital Espa\u00f1a\" width=\"300\" height=\"200\" srcset=\"https:\/\/hospitalesespanol.com\/wp-content\/uploads\/2024\/01\/IMAGE878d3d71-45db-42d8-8f1b-413dcab29bea-300x200.png 300w, https:\/\/hospitalesespanol.com\/wp-content\/uploads\/2024\/01\/IMAGE878d3d71-45db-42d8-8f1b-413dcab29bea-1024x683.png 1024w, https:\/\/hospitalesespanol.com\/wp-content\/uploads\/2024\/01\/IMAGE878d3d71-45db-42d8-8f1b-413dcab29bea-768x512.png 768w, https:\/\/hospitalesespanol.com\/wp-content\/uploads\/2024\/01\/IMAGE878d3d71-45db-42d8-8f1b-413dcab29bea-850x567.png 850w, https:\/\/hospitalesespanol.com\/wp-content\/uploads\/2024\/01\/IMAGE878d3d71-45db-42d8-8f1b-413dcab29bea.png 1152w\" sizes=\"auto, (max-width: 300px) 100vw, 300px\" \/><figcaption id=\"caption-attachment-52\" class=\"wp-caption-text\">Seguridad Paciente Hospital<\/figcaption><\/figure>\n<figure id=\"attachment_51\" aria-describedby=\"caption-attachment-51\" style=\"width: 300px\" class=\"wp-caption aligncenter\"><img loading=\"lazy\" decoding=\"async\" class=\"size-medium wp-image-51\" src=\"https:\/\/hospitalesespanol.com\/wp-content\/uploads\/2024\/01\/IMAGEf6aa52e4-e8b9-4009-b743-307da370b0cd-300x200.png\" alt=\"Tecnolog\u00eda M\u00e9dica Espa\u00f1a\" width=\"300\" height=\"200\" srcset=\"https:\/\/hospitalesespanol.com\/wp-content\/uploads\/2024\/01\/IMAGEf6aa52e4-e8b9-4009-b743-307da370b0cd-300x200.png 300w, https:\/\/hospitalesespanol.com\/wp-content\/uploads\/2024\/01\/IMAGEf6aa52e4-e8b9-4009-b743-307da370b0cd-1024x683.png 1024w, https:\/\/hospitalesespanol.com\/wp-content\/uploads\/2024\/01\/IMAGEf6aa52e4-e8b9-4009-b743-307da370b0cd-768x512.png 768w, https:\/\/hospitalesespanol.com\/wp-content\/uploads\/2024\/01\/IMAGEf6aa52e4-e8b9-4009-b743-307da370b0cd-850x567.png 850w, https:\/\/hospitalesespanol.com\/wp-content\/uploads\/2024\/01\/IMAGEf6aa52e4-e8b9-4009-b743-307da370b0cd.png 1152w\" sizes=\"auto, (max-width: 300px) 100vw, 300px\" \/><figcaption id=\"caption-attachment-51\" class=\"wp-caption-text\">Beneficios Tecnolog\u00eda Hospitalaria<\/figcaption><\/figure>\n<figure id=\"attachment_50\" aria-describedby=\"caption-attachment-50\" style=\"width: 300px\" class=\"wp-caption aligncenter\"><img loading=\"lazy\" decoding=\"async\" class=\"size-medium wp-image-50\" src=\"https:\/\/hospitalesespanol.com\/wp-content\/uploads\/2024\/01\/IMAGE68f0cb3e-e67d-4064-abd6-dd11ece7b375-300x200.png\" alt=\"Emergencias M\u00e9dicas Espa\u00f1a\" width=\"300\" height=\"200\" srcset=\"https:\/\/hospitalesespanol.com\/wp-content\/uploads\/2024\/01\/IMAGE68f0cb3e-e67d-4064-abd6-dd11ece7b375-300x200.png 300w, https:\/\/hospitalesespanol.com\/wp-content\/uploads\/2024\/01\/IMAGE68f0cb3e-e67d-4064-abd6-dd11ece7b375-1024x683.png 1024w, https:\/\/hospitalesespanol.com\/wp-content\/uploads\/2024\/01\/IMAGE68f0cb3e-e67d-4064-abd6-dd11ece7b375-768x512.png 768w, https:\/\/hospitalesespanol.com\/wp-content\/uploads\/2024\/01\/IMAGE68f0cb3e-e67d-4064-abd6-dd11ece7b375-850x567.png 850w, https:\/\/hospitalesespanol.com\/wp-content\/uploads\/2024\/01\/IMAGE68f0cb3e-e67d-4064-abd6-dd11ece7b375.png 1152w\" sizes=\"auto, (max-width: 300px) 100vw, 300px\" \/><figcaption id=\"caption-attachment-50\" class=\"wp-caption-text\">Elegir Hospital Espa\u00f1a<\/figcaption><\/figure>\n<h2>Reformas en la infraestructura Hospitalaria<\/h2>\n<p>La construcci\u00f3n sostenible y la comodidad del paciente han estado en el centro de los recientes cambios en la infraestructura hospitalaria espa\u00f1ola. Los estudios han demostrado que a\u00f1adir zonas verdes y m\u00e1s luz natural a los hospitales puede ayudar a las personas a mejorar m\u00e1s r\u00e1pidamente y tambi\u00e9n en su salud mental.<\/p>\n<p>La construcci\u00f3n de nuevas alas de hospital con planos flexibles es otro cambio importante. Permiten utilizar las zonas de distintas maneras en funci\u00f3n de la demanda del momento, lo cual es muy importante durante aumentos repentinos de la demanda como los que se producen durante las pandemias. Las unidades modulares pueden modificarse r\u00e1pidamente para a\u00f1adir m\u00e1s unidades de cuidados cr\u00edticos o salas independientes, lo que demuestra que pueden utilizarse en respuesta a problemas sanitarios repentinos.<\/p>\n<p>Tambi\u00e9n se ha prestado especial atenci\u00f3n a la instalaci\u00f3n de tecnolog\u00edas inteligentes en los edificios, que son sistemas concebidos para aprovechar al m\u00e1ximo la energ\u00eda y mantener el entorno vital en las mejores condiciones. En tiempo real, estos sistemas inteligentes modifican aspectos como la iluminaci\u00f3n y la temperatura en funci\u00f3n del n\u00famero de personas que se encuentren en la habitaci\u00f3n y la hora del d\u00eda. Esto hace que los pacientes est\u00e9n m\u00e1s c\u00f3modos y reduce los costes de funcionamiento.<\/p>\n<figure id=\"attachment_21\" aria-describedby=\"caption-attachment-21\" style=\"width: 634px\" class=\"wp-caption aligncenter\"><img loading=\"lazy\" decoding=\"async\" class=\"size-full wp-image-21\" src=\"https:\/\/hospitalesespanol.com\/wp-content\/uploads\/2023\/10\/2.png\" alt=\"\u00c9tica M\u00e9dica Hospitalaria\" width=\"634\" height=\"584\" srcset=\"https:\/\/hospitalesespanol.com\/wp-content\/uploads\/2023\/10\/2.png 634w, https:\/\/hospitalesespanol.com\/wp-content\/uploads\/2023\/10\/2-300x276.png 300w\" sizes=\"auto, (max-width: 634px) 100vw, 634px\" \/><figcaption id=\"caption-attachment-21\" class=\"wp-caption-text\">Formaci\u00f3n Profesional M\u00e9dica<\/figcaption><\/figure>\n<h2>Pol\u00edticas de Salud y Legislaci\u00f3n Reciente<\/h2>\n<p>El Gobierno espa\u00f1ol acaba de aprobar una serie de leyes para mejorar y facilitar la asistencia sanitaria. Una pol\u00edtica importante es el aumento de los presupuestos sanitarios para garantizar que los hospitales dispongan de las herramientas y el personal adecuados para atender a una poblaci\u00f3n que envejece. En esta categor\u00eda se incluyen fondos tanto para contratar personal m\u00e1s cualificado como para utilizar tecnolog\u00eda m\u00e9dica de vanguardia.<\/p>\n<p>Adem\u00e1s, se han aprobado nuevas leyes para proteger los derechos de los pacientes, especialmente en lo que se refiere a la seguridad de los datos y la autorizaci\u00f3n de tratamientos. Estas normas protegen a los pacientes y dejan claro c\u00f3mo deben tratarse los datos m\u00e9dicos. Esto genera confianza y apertura entre pacientes y profesionales sanitarios.<\/p>\n<p>Tambi\u00e9n se ha trabajado mucho para mejorar los servicios de salud mental. Por ejemplo, las nuevas leyes obligan a los hospitales a incluir m\u00e1s atenci\u00f3n a la salud mental en sus servicios m\u00e9dicos habituales. Como parte de esto, las personas con enfermedades cr\u00f3nicas deben someterse a evaluaciones de salud mental y los trabajadores de salud mental que trabajan en situaciones m\u00e9dicas necesitan m\u00e1s ayuda.<\/p>\n<p>Todos estos cambios legislativos demuestran que Espa\u00f1a est\u00e1 preparada para adaptar su sistema sanitario a los retos actuales y futuros. Esto mantendr\u00e1 el sistema fuerte y centrado en los pacientes.<\/p>\n<\/div>\n<\/div>\n<\/div>\n<\/div>\n<\/div>\n<\/div>\n<\/div>\n<\/div>\n<\/div>\n<\/div>\n<\/div>\n<\/div>\n","protected":false},"excerpt":{"rendered":"<p>Atenci\u00f3n Hospitalaria: Mejora de la atenci\u00f3n hospitalaria en Espa\u00f1a En los \u00faltimos a\u00f1os, se han&#8230;<\/p>\n","protected":false},"author":1,"featured_media":48,"parent":0,"menu_order":0,"comment_status":"closed","ping_status":"closed","template":"","meta":{"footnotes":""},"class_list":["post-89","page","type-page","status-publish","has-post-thumbnail","hentry"],"aioseo_notices":[],"_links":{"self":[{"href":"https:\/\/hospitalesespanol.com\/index.php?rest_route=\/wp\/v2\/pages\/89","targetHints":{"allow":["GET"]}}],"collection":[{"href":"https:\/\/hospitalesespanol.com\/index.php?rest_route=\/wp\/v2\/pages"}],"about":[{"href":"https:\/\/hospitalesespanol.com\/index.php?rest_route=\/wp\/v2\/types\/page"}],"author":[{"embeddable":true,"href":"https:\/\/hospitalesespanol.com\/index.php?rest_route=\/wp\/v2\/users\/1"}],"replies":[{"embeddable":true,"href":"https:\/\/hospitalesespanol.com\/index.php?rest_route=%2Fwp%2Fv2%2Fcomments&post=89"}],"version-history":[{"count":1,"href":"https:\/\/hospitalesespanol.com\/index.php?rest_route=\/wp\/v2\/pages\/89\/revisions"}],"predecessor-version":[{"id":91,"href":"https:\/\/hospitalesespanol.com\/index.php?rest_route=\/wp\/v2\/pages\/89\/revisions\/91"}],"wp:featuredmedia":[{"embeddable":true,"href":"https:\/\/hospitalesespanol.com\/index.php?rest_route=\/wp\/v2\/media\/48"}],"wp:attachment":[{"href":"https:\/\/hospitalesespanol.com\/index.php?rest_route=%2Fwp%2Fv2%2Fmedia&parent=89"}],"curies":[{"name":"wp","href":"https:\/\/api.w.org\/{rel}","templated":true}]}}