{"id":81,"date":"2024-04-18T10:11:59","date_gmt":"2024-04-18T10:11:59","guid":{"rendered":"https:\/\/hospitalesespanol.com\/?page_id=81"},"modified":"2024-04-18T10:15:51","modified_gmt":"2024-04-18T10:15:51","slug":"atencion-ambulatoria-y-hospitalaria-que-es","status":"publish","type":"page","link":"https:\/\/hospitalesespanol.com\/?page_id=81","title":{"rendered":"Atencion ambulatoria y hospitalaria: \u00bfqu\u00e9 es?"},"content":{"rendered":"<h2>Investigaci\u00f3n m\u00e9dica<\/h2>\n<p>Para las personas que necesitan asesoramiento m\u00e9dico, peque\u00f1as intervenciones quir\u00fargicas o un seguimiento que no requiera pasar la noche en el hospital, la atenci\u00f3n ambulatoria suele ser la opci\u00f3n perfecta. Las revisiones peri\u00f3dicas y los peque\u00f1os tratamientos, como deshacerse de lunares o hacerse pruebas de alergia, se llevaron bien en los centros ambulatorios. Gracias a la agilizaci\u00f3n del proceso, pude encajar estas citas entre mis obligaciones diarias, interrumpiendo lo menos posible mi rutina normal.<\/p>\n<p>Por otra parte, la atenci\u00f3n hospitalaria es necesaria cuando las afecciones requieren una atenci\u00f3n y un seguimiento m\u00e1s intensos de lo que puede proporcionarse de forma segura en r\u00e9gimen ambulatorio. Me ingresaron en un hospital tras una operaci\u00f3n complicada. Los pacientes ten\u00edan acceso instant\u00e1neo y constante a un equipo de profesionales m\u00e9dicos, por lo que cualquier problema pod\u00eda tratarse r\u00e1pida y correctamente. Recib\u00ed una atenci\u00f3n completa durante ese tiempo, con un equipo coordinado de m\u00e9dicos que vigilaba de cerca cada parte de mi recuperaci\u00f3n.<\/p>\n<p>Las decisiones sobre si deb\u00eda recibir atenci\u00f3n ambulatoria u hospitalaria se basaban en el tipo de problema m\u00e9dico, la cantidad de cuidados necesarios y el mejor entorno de curaci\u00f3n para garantizar los mejores resultados de salud. La gesti\u00f3n general de mi atenci\u00f3n sanitaria depend\u00eda de poder cambiar de un tipo de atenci\u00f3n a otro a medida que cambiaban mis necesidades.<\/p>\n<figure id=\"attachment_27\" aria-describedby=\"caption-attachment-27\" style=\"width: 647px\" class=\"wp-caption aligncenter\"><img loading=\"lazy\" decoding=\"async\" class=\"size-full wp-image-27\" src=\"https:\/\/hospitalesespanol.com\/wp-content\/uploads\/2023\/10\/8.png\" alt=\"Atenci\u00f3n Integral Hospital\" width=\"647\" height=\"433\" srcset=\"https:\/\/hospitalesespanol.com\/wp-content\/uploads\/2023\/10\/8.png 647w, https:\/\/hospitalesespanol.com\/wp-content\/uploads\/2023\/10\/8-300x201.png 300w\" sizes=\"auto, (max-width: 647px) 100vw, 647px\" \/><figcaption id=\"caption-attachment-27\" class=\"wp-caption-text\">Calidad Servicio Hospitalario<\/figcaption><\/figure>\n<h3>\u00bfQu\u00e9 es la atenci\u00f3n ambulatoria?<\/h3>\n<p>La atenci\u00f3n ambulatoria incluye servicios m\u00e9dicos que los pacientes pueden recibir sin estar en el hospital por d\u00eda. Algunos tratamientos y procedimientos pueden terminarse en pocas horas, por lo que las personas pueden volver a casa el mismo d\u00eda. Para un mayor n\u00famero de personas, este tipo de atenci\u00f3n m\u00e9dica est\u00e1 disponible fuera de los hospitales, en centros especializados y consultorios m\u00e9dicos privados.<\/p>\n<p>Una visita media de una persona que no es paciente puede incluir pruebas m\u00e9dicas como radiograf\u00edas o an\u00e1lisis de sangre. En estos procesos, la toma de muestras o la recopilaci\u00f3n de datos ayuda a juzgar la salud sin tener que permanecer mucho tiempo en observaci\u00f3n. Comprobar los niveles de glucosa en sangre, por ejemplo, puede ayudar a controlar enfermedades como la diabetes sin tener que permanecer mucho tiempo en el hospital.<\/p>\n<p>Adem\u00e1s, en situaciones casuales se suelen realizar peque\u00f1as intervenciones quir\u00fargicas. Gracias a la mejora de las t\u00e9cnicas, muchas cirug\u00edas pueden hacerse ahora sin que el paciente tenga que permanecer en el hospital. Estas operaciones incluyen el arreglo de tejidos blandos o la eliminaci\u00f3n de tumores. Estos m\u00e9todos utilizan sedaci\u00f3n local, que acorta el tiempo de curaci\u00f3n y disminuye la respuesta de estr\u00e9s en comparaci\u00f3n con procedimientos m\u00e1s invasivos.<\/p>\n<p>Adem\u00e1s, la gente suele elegir la atenci\u00f3n ambulatoria para las revisiones peri\u00f3dicas y el tratamiento de enfermedades de larga duraci\u00f3n cuando no necesita recursos hospitalarios como grandes equipos de diagn\u00f3stico por imagen. Por ejemplo, los profesionales sanitarios pueden ocuparse a menudo de controlar la tensi\u00f3n arterial en estos lugares, donde pueden cambiar los tratamientos en funci\u00f3n de las lecturas realizadas durante la visita.<\/p>\n<p>Las instrucciones para recuperarse de una intervenci\u00f3n ambulatoria suelen seguirse en casa. Pueden incluir el cuidado de las heridas, el reposo o cambios en la alimentaci\u00f3n. Recuperarse en casa puede ayudar a acortar los tiempos de curaci\u00f3n y a que la gente est\u00e9 m\u00e1s contenta con su experiencia sanitaria en general.<\/p>\n<figure id=\"attachment_19\" aria-describedby=\"caption-attachment-19\" style=\"width: 662px\" class=\"wp-caption aligncenter\"><img loading=\"lazy\" decoding=\"async\" class=\"size-full wp-image-19\" src=\"https:\/\/hospitalesespanol.com\/wp-content\/uploads\/2023\/10\/0.png\" alt=\"Investigaci\u00f3n Cl\u00ednica Espa\u00f1a\" width=\"662\" height=\"461\" srcset=\"https:\/\/hospitalesespanol.com\/wp-content\/uploads\/2023\/10\/0.png 662w, https:\/\/hospitalesespanol.com\/wp-content\/uploads\/2023\/10\/0-300x209.png 300w\" sizes=\"auto, (max-width: 662px) 100vw, 662px\" \/><figcaption id=\"caption-attachment-19\" class=\"wp-caption-text\">Terapias Innovadoras Salud<\/figcaption><\/figure>\n<h4>Beneficios de la atenci\u00f3n ambulatoria.<\/h4>\n<p>Elegir la asistencia ambulatoria para mis revisiones peri\u00f3dicas y peque\u00f1os tratamientos siempre me ha resultado c\u00f3modo y r\u00e1pido. Este m\u00e9todo me permite cuidar bien de mi salud sin los problemas que conllevan las estancias en el hospital. Una de mis visitas peri\u00f3dicas inclu\u00eda varias pruebas m\u00e9dicas, como pruebas de imagen y an\u00e1lisis de sangre. Mi m\u00e9dico me hac\u00eda comentarios sobre estas pruebas de inmediato, por lo que mi plan de tratamiento pod\u00eda modificarse m\u00e1s r\u00e1pidamente en funci\u00f3n de los resultados.<\/p>\n<p>La atenci\u00f3n rutinaria que he recibido para peque\u00f1as intervenciones quir\u00fargicas ha sido especialmente buena para m\u00ed. Una vez me extirparon quir\u00fargicamente un crecimiento normal. Desde la consulta inicial hasta la intervenci\u00f3n quir\u00fargica y el seguimiento posterior, todo el proceso se desarroll\u00f3 correctamente en un entorno ambulatorio. La utilizaci\u00f3n de anestesia local acort\u00f3 mucho el tiempo de recuperaci\u00f3n y pude retomar mis actividades normales mucho m\u00e1s r\u00e1pidamente que si hubiera recibido un tratamiento m\u00e1s invasivo que requiriera hospitalizaci\u00f3n.<\/p>\n<p>La posibilidad de recuperarme en casa es otra gran ventaja de la atenci\u00f3n ambulatoria que me ha encantado. Siguiendo las instrucciones de mi m\u00e9dico, pude recuperarme f\u00e1cilmente en casa despu\u00e9s de otra intervenci\u00f3n quir\u00fargica. Adem\u00e1s, esto aceler\u00f3 el proceso de curaci\u00f3n y redujo la posibilidad de contraer una infecci\u00f3n en el hospital.<\/p>\n<p>En mis situaciones ambulatorias, tambi\u00e9n han destacado la accesibilidad y la atenci\u00f3n individualizada. Estos entornos suelen estar menos concurridos y es m\u00e1s f\u00e1cil concertar citas, lo que reduce el estr\u00e9s y mejora la calidad del contacto con el personal sanitario. Ofrecer una atenci\u00f3n individualizada garantiza que el tratamiento se adapte a mis necesidades sanitarias espec\u00edficas, lo que hace que el tratamiento sea m\u00e1s eficaz.<\/p>\n<p>En definitiva, elijo los servicios ambulatorios una y otra vez porque me ayudan directamente: causan poco da\u00f1o a mi vida cotidiana, ofrecen una atenci\u00f3n individualizada y aceleran mi curaci\u00f3n. En general, estas ventajas hacen que la atenci\u00f3n ambulatoria sea a\u00fan m\u00e1s valiosa para tratar eficazmente los problemas de salud tanto a corto como a largo plazo.<\/p>\n<div id='gallery-1' class='gallery galleryid-81 gallery-columns-3 gallery-size-thumbnail'><figure class='gallery-item'>\n\t\t\t<div class='gallery-icon landscape'>\n\t\t\t\t<a href='https:\/\/hospitalesespanol.com\/?attachment_id=52'><img loading=\"lazy\" decoding=\"async\" width=\"150\" height=\"150\" src=\"https:\/\/hospitalesespanol.com\/wp-content\/uploads\/2024\/01\/IMAGE878d3d71-45db-42d8-8f1b-413dcab29bea-150x150.png\" class=\"attachment-thumbnail size-thumbnail\" alt=\"Paciente Hospital Espa\u00f1a\" aria-describedby=\"gallery-1-52\" \/><\/a>\n\t\t\t<\/div>\n\t\t\t\t<figcaption class='wp-caption-text gallery-caption' id='gallery-1-52'>\n\t\t\t\tSeguridad Paciente Hospital\n\n\t\t\t\t<\/figcaption><\/figure><figure class='gallery-item'>\n\t\t\t<div class='gallery-icon landscape'>\n\t\t\t\t<a href='https:\/\/hospitalesespanol.com\/?attachment_id=51'><img loading=\"lazy\" decoding=\"async\" width=\"150\" height=\"150\" src=\"https:\/\/hospitalesespanol.com\/wp-content\/uploads\/2024\/01\/IMAGEf6aa52e4-e8b9-4009-b743-307da370b0cd-150x150.png\" class=\"attachment-thumbnail size-thumbnail\" alt=\"Tecnolog\u00eda M\u00e9dica Espa\u00f1a\" aria-describedby=\"gallery-1-51\" \/><\/a>\n\t\t\t<\/div>\n\t\t\t\t<figcaption class='wp-caption-text gallery-caption' id='gallery-1-51'>\n\t\t\t\tBeneficios Tecnolog\u00eda Hospitalaria\n\n\t\t\t\t<\/figcaption><\/figure><figure class='gallery-item'>\n\t\t\t<div class='gallery-icon landscape'>\n\t\t\t\t<a href='https:\/\/hospitalesespanol.com\/?attachment_id=50'><img loading=\"lazy\" decoding=\"async\" width=\"150\" height=\"150\" src=\"https:\/\/hospitalesespanol.com\/wp-content\/uploads\/2024\/01\/IMAGE68f0cb3e-e67d-4064-abd6-dd11ece7b375-150x150.png\" class=\"attachment-thumbnail size-thumbnail\" alt=\"Emergencias M\u00e9dicas Espa\u00f1a\" aria-describedby=\"gallery-1-50\" \/><\/a>\n\t\t\t<\/div>\n\t\t\t\t<figcaption class='wp-caption-text gallery-caption' id='gallery-1-50'>\n\t\t\t\tElegir Hospital Espa\u00f1a\n\t\t\t\t<\/figcaption><\/figure>\n\t\t<\/div>\n\n<h3>\u00bfQu\u00e9 es la atenci\u00f3n hospitalaria?<\/h3>\n<p>Una vez que un paciente es llevado a un hospital, recibe unos cuidados llamados \u00abatenci\u00f3n hospitalaria\u00bb. Los pacientes con afecciones que requieren un seguimiento m\u00e9dico constante, pruebas diagn\u00f3sticas m\u00e1s complicadas o tratamientos con largos periodos de recuperaci\u00f3n necesitan este tipo de atenci\u00f3n. En funci\u00f3n de la gravedad del estado del paciente, las estancias en el hospital pueden variar desde una sola noche hasta periodos mucho m\u00e1s largos.<\/p>\n<p>En el hospital, hay m\u00e1s cuidados y seguimiento de lo habitual. Por ejemplo, cuando me ingresaron para operarme, me controlaron constantemente las constantes vitales para asegurarse de que la operaci\u00f3n no causar\u00eda ning\u00fan problema. Este tipo de monitorizaci\u00f3n en profundidad puede detectar peque\u00f1os cambios en el estado del paciente para actuar con rapidez si es necesario.<\/p>\n<p>En un hospital, los profesionales m\u00e9dicos est\u00e1n preparados para atender accidentes y casos complicados que no ser\u00edan posibles con la asistencia privada. Una ventaja importante es contar con muchos expertos y equipos m\u00e9dicos de alta tecnolog\u00eda en un mismo lugar. Por ejemplo, el acceso instant\u00e1neo a consultas de expertos y a tecnolog\u00eda avanzada de diagn\u00f3stico por imagen fue muy importante para un diagn\u00f3stico r\u00e1pido y la creaci\u00f3n de un plan de tratamiento durante un problema de salud muy dif\u00edcil que tuve que afrontar.<\/p>\n<p>La atenci\u00f3n hospitalaria tambi\u00e9n incluye toda la ayuda del personal del hospital. Adem\u00e1s de la atenci\u00f3n m\u00e9dica, esto incluye apoyo social y mental, que es muy importante en situaciones de salud extremadamente graves. Estar constantemente rodeado de profesionales m\u00e9dicos formados proporciona un confort y unos cuidados continuos que son muy importantes para las personas que se est\u00e1n recuperando de enfermedades graves.<\/p>\n<p>Adem\u00e1s, los hospitales est\u00e1n hechos para satisfacer los deseos de los pacientes que necesitan cuidados de rehabilitaci\u00f3n exhaustivos tras una intervenci\u00f3n quir\u00fargica o despu\u00e9s de un acontecimiento m\u00e9dico grave. La recuperaci\u00f3n depende de lugares que ofrezcan fisioterapia y readaptaci\u00f3n. Los programas de terapia estructurada fueron muy \u00fatiles para mi recuperaci\u00f3n; me ayudaron a ponerme m\u00e1s fuerte y m\u00e1s \u00fatil m\u00e1s r\u00e1pido de lo que podr\u00eda haberlo hecho en casa.<\/p>\n<p>Este entorno garantiza que toda la atenci\u00f3n m\u00e9dica necesaria se preste con rapidez y eficacia, lo cual puede ser muy importante para la recuperaci\u00f3n y la salud general del paciente.<\/p>\n<p>Leer tambi\u00e9n: <a class=\"wp-block-latest-posts__post-title\" href=\"https:\/\/hospitalesespanol.com\/?p=35\" target=\"_blank\" rel=\"noopener\">Tecnolog\u00eda M\u00e9dica Avanzada en Hospitales Espa\u00f1oles<\/a><\/p>\n<figure id=\"attachment_11\" aria-describedby=\"caption-attachment-11\" style=\"width: 713px\" class=\"wp-caption aligncenter\"><img loading=\"lazy\" decoding=\"async\" class=\"wp-image-11 size-full\" src=\"https:\/\/hospitalesespanol.com\/wp-content\/uploads\/2023\/09\/6.png\" alt=\"Atencion ambulatoria\" width=\"713\" height=\"617\" srcset=\"https:\/\/hospitalesespanol.com\/wp-content\/uploads\/2023\/09\/6.png 713w, https:\/\/hospitalesespanol.com\/wp-content\/uploads\/2023\/09\/6-300x260.png 300w\" sizes=\"auto, (max-width: 713px) 100vw, 713px\" \/><figcaption id=\"caption-attachment-11\" class=\"wp-caption-text\">Servicio Atenci\u00f3n Domiciliaria<\/figcaption><\/figure>\n<h4>Beneficios de la atenci\u00f3n hospitalaria.<\/h4>\n<p>La atenci\u00f3n hospitalaria tiene muchas ventajas, sobre todo cuando se trata de problemas m\u00e9dicos graves que requieren una atenci\u00f3n minuciosa y cuidadosamente planificada. Disfrut\u00e9 mucho de la naturaleza global de la atenci\u00f3n hospitalaria por muchas razones despu\u00e9s de una cirug\u00eda mayor que requiri\u00f3 una larga estancia en el hospital.<\/p>\n<p>En primer lugar, el seguimiento de las 24 horas del d\u00eda y el acceso r\u00e1pido al personal m\u00e9dico pueden salvar vidas. Mi estancia estuvo acompa\u00f1ada de un seguimiento constante que garantiz\u00f3 que cualquier problema que surgiera despu\u00e9s de la operaci\u00f3n se detectara y resolviera r\u00e1pidamente. Este tipo de vigilancia es muy importante despu\u00e9s de una intervenci\u00f3n quir\u00fargica importante o cuando se trata de enfermedades peligrosas, ya que actuar con rapidez puede influir mucho en el resultado.<\/p>\n<p>Otra gran ventaja de la asistencia hospitalaria es que re\u00fane bajo un mismo techo muchos conocimientos m\u00e9dicos diferentes. Expertos asistentes como cirujanos, cardi\u00f3logos y endocrin\u00f3logos trabajan juntos para resolver problemas de salud complicados. Los enfoques interdisciplinarios fueron muy importantes para mi recuperaci\u00f3n porque me garantizaron un plan de tratamiento completo que abordaba todos mis problemas de salud y aceleraba el proceso de curaci\u00f3n.<\/p>\n<p>La posibilidad de disponer de equipos m\u00e9dicos avanzados y tratamientos que normalmente s\u00f3lo se ofrecen en los hospitales es otra ventaja. Mi tratamiento requer\u00eda una nueva tecnolog\u00eda quir\u00fargica y de diagn\u00f3stico por imagen que fue clave para identificar y tratar correctamente mi problema.<\/p>\n<p>Adem\u00e1s, el entorno organizado de un hospital ayuda a controlar el dolor y facilita la recuperaci\u00f3n. Pude controlar el dolor y volver a moverme m\u00e1s r\u00e1pido de lo que habr\u00eda podido sin los protocolos personalizados de tratamiento del dolor y los servicios de fisioterapia que me ofrecieron despu\u00e9s de la operaci\u00f3n.<\/p>\n<p>Adem\u00e1s, los servicios de ayuda que ofrecen los hospitales, como orientaci\u00f3n nutricional y apoyo emocional, son muy importantes para la curaci\u00f3n del paciente. Adem\u00e1s de ayudarme a curarme m\u00e1s r\u00e1pido, el apoyo nutricional y los programas de asesoramiento me ayudaron a afrontar los retos mentales de una larga recuperaci\u00f3n. La atenci\u00f3n hospitalaria es excepcional porque ofrece una red completa de apoyo que es vital para la salud y la felicidad de los pacientes.<\/p>\n<hr \/>\n<h4>Leer tambi\u00e9n:<\/h4>\n<p><a class=\"wp-block-latest-posts__post-title\" href=\"https:\/\/hospitalesespanol.com\/?p=39\" target=\"_blank\" rel=\"noopener\">La Importancia de la Investigaci\u00f3n M\u00e9dica en los Hospitales de Espa\u00f1a<\/a><\/p>\n<p><a class=\"wp-block-latest-posts__post-title\" href=\"https:\/\/hospitalesespanol.com\/?p=37\" target=\"_blank\" rel=\"noopener\">La Experiencia del Paciente en Hospitales Espa\u00f1oles: C\u00f3mo Hacerla M\u00e1s C\u00f3moda y Segura<\/a><\/p>\n<div id='gallery-2' class='gallery galleryid-81 gallery-columns-2 gallery-size-medium'><figure class='gallery-item'>\n\t\t\t<div class='gallery-icon landscape'>\n\t\t\t\t<a href='https:\/\/hospitalesespanol.com\/?attachment_id=10'><img loading=\"lazy\" decoding=\"async\" width=\"300\" height=\"231\" src=\"https:\/\/hospitalesespanol.com\/wp-content\/uploads\/2023\/09\/5-300x231.png\" class=\"attachment-medium size-medium\" alt=\"Gesti\u00f3n Calidad Asistencial\" aria-describedby=\"gallery-2-10\" srcset=\"https:\/\/hospitalesespanol.com\/wp-content\/uploads\/2023\/09\/5-300x231.png 300w, https:\/\/hospitalesespanol.com\/wp-content\/uploads\/2023\/09\/5.png 650w\" sizes=\"auto, (max-width: 300px) 100vw, 300px\" \/><\/a>\n\t\t\t<\/div>\n\t\t\t\t<figcaption class='wp-caption-text gallery-caption' id='gallery-2-10'>\n\t\t\t\tEficiencia Atenci\u00f3n M\u00e9dica\n\t\t\t\t<\/figcaption><\/figure><figure class='gallery-item'>\n\t\t\t<div class='gallery-icon landscape'>\n\t\t\t\t<a href='https:\/\/hospitalesespanol.com\/?attachment_id=19'><img loading=\"lazy\" decoding=\"async\" width=\"300\" height=\"209\" src=\"https:\/\/hospitalesespanol.com\/wp-content\/uploads\/2023\/10\/0-300x209.png\" class=\"attachment-medium size-medium\" alt=\"Investigaci\u00f3n Cl\u00ednica Espa\u00f1a\" aria-describedby=\"gallery-2-19\" srcset=\"https:\/\/hospitalesespanol.com\/wp-content\/uploads\/2023\/10\/0-300x209.png 300w, https:\/\/hospitalesespanol.com\/wp-content\/uploads\/2023\/10\/0.png 662w\" sizes=\"auto, (max-width: 300px) 100vw, 300px\" \/><\/a>\n\t\t\t<\/div>\n\t\t\t\t<figcaption class='wp-caption-text gallery-caption' id='gallery-2-19'>\n\t\t\t\tTerapias Innovadoras Salud\n\t\t\t\t<\/figcaption><\/figure>\n\t\t<\/div>\n\n","protected":false},"excerpt":{"rendered":"<p>Investigaci\u00f3n m\u00e9dica Para las personas que necesitan asesoramiento m\u00e9dico, peque\u00f1as intervenciones quir\u00fargicas o un seguimiento&#8230;<\/p>\n","protected":false},"author":1,"featured_media":48,"parent":0,"menu_order":0,"comment_status":"closed","ping_status":"closed","template":"","meta":{"footnotes":""},"class_list":["post-81","page","type-page","status-publish","has-post-thumbnail","hentry"],"aioseo_notices":[],"_links":{"self":[{"href":"https:\/\/hospitalesespanol.com\/index.php?rest_route=\/wp\/v2\/pages\/81","targetHints":{"allow":["GET"]}}],"collection":[{"href":"https:\/\/hospitalesespanol.com\/index.php?rest_route=\/wp\/v2\/pages"}],"about":[{"href":"https:\/\/hospitalesespanol.com\/index.php?rest_route=\/wp\/v2\/types\/page"}],"author":[{"embeddable":true,"href":"https:\/\/hospitalesespanol.com\/index.php?rest_route=\/wp\/v2\/users\/1"}],"replies":[{"embeddable":true,"href":"https:\/\/hospitalesespanol.com\/index.php?rest_route=%2Fwp%2Fv2%2Fcomments&post=81"}],"version-history":[{"count":3,"href":"https:\/\/hospitalesespanol.com\/index.php?rest_route=\/wp\/v2\/pages\/81\/revisions"}],"predecessor-version":[{"id":85,"href":"https:\/\/hospitalesespanol.com\/index.php?rest_route=\/wp\/v2\/pages\/81\/revisions\/85"}],"wp:featuredmedia":[{"embeddable":true,"href":"https:\/\/hospitalesespanol.com\/index.php?rest_route=\/wp\/v2\/media\/48"}],"wp:attachment":[{"href":"https:\/\/hospitalesespanol.com\/index.php?rest_route=%2Fwp%2Fv2%2Fmedia&parent=81"}],"curies":[{"name":"wp","href":"https:\/\/api.w.org\/{rel}","templated":true}]}}