{"id":189,"date":"2024-06-28T16:34:55","date_gmt":"2024-06-28T16:34:55","guid":{"rendered":"https:\/\/hospitalesespanol.com\/?page_id=189"},"modified":"2024-06-28T16:39:12","modified_gmt":"2024-06-28T16:39:12","slug":"vegetarianismo-cuando-puede-mejorar-la-salud-y-cuando-puede-perjudicarla","status":"publish","type":"page","link":"https:\/\/hospitalesespanol.com\/?page_id=189","title":{"rendered":"Vegetarianismo: cu\u00e1ndo puede mejorar la salud y cu\u00e1ndo puede perjudicarla."},"content":{"rendered":"<h2>Dalgi Cuesta Barrios: Beneficios del vegetarianismo para la salud<\/h2>\n<p>El cambio a una dieta sin carne puede tener muchas ventajas para la salud. Una de las m\u00e1s importantes es la mejora de la salud cardiaca. Muchas personas con colesterol bajo no comen carne, que suele tener un alto contenido en grasas. Esta reducci\u00f3n puede hacer que tu coraz\u00f3n est\u00e9 m\u00e1s sano y disminuir el riesgo de padecer enfermedades cardiacas.<\/p>\n<p>Adem\u00e1s de ser buena para el coraz\u00f3n, una dieta sin carne suele estar llena de enzimas, vitaminas y minerales que son muy importantes para mantener la salud en general. Por ejemplo, los frutos secos, las semillas y las verduras de hoja verde son excelentes fuentes de magnesio, una sustancia qu\u00edmica que contribuye al funcionamiento de los nervios y los m\u00fasculos. Comer m\u00e1s fruta y verdura tambi\u00e9n puede aumentar tus niveles de vitamina C, que puede ayudar a tu sistema inmunitario a combatir mejor las enfermedades.<\/p>\n<p>Los alimentos vegetales, ricos en fibra, son los culpables de esta p\u00e9rdida de peso. La fibra no s\u00f3lo ayuda a tu cuerpo a digerir los alimentos, sino que tambi\u00e9n te hace sentir lleno, lo que puede evitar que comas demasiado. La fibra diet\u00e9tica se encuentra en grandes cantidades en los cereales integrales, las legumbres y las verduras.<\/p>\n<p>Una dieta llena de frutas, verduras y cereales integrales ayuda a mantener las bacterias intestinales diversas y sanas. Esta variedad puede ayudar al organismo a procesar los alimentos y absorber mejor los nutrientes, lo que es bueno para la salud en general.<\/p>\n<p>Seguir una dieta vegetariana tambi\u00e9n puede ser bueno para la salud mental. Los alimentos ricos en \u00e1cidos grasos omega-3, como las semillas de lino y las nueces, son buenos para el cerebro y pueden ayudar a las personas deprimidas y ansiosas a sentirse mejor. El control del estado de \u00e1nimo tambi\u00e9n puede mejorar comiendo m\u00e1s vitaminas y minerales, como el folato, que se encuentra en las verduras de hoja verde.<\/p>\n<figure id=\"attachment_130\" aria-describedby=\"caption-attachment-130\" style=\"width: 225px\" class=\"wp-caption alignnone\"><img loading=\"lazy\" decoding=\"async\" class=\"size-medium wp-image-130\" src=\"https:\/\/hospitalesespanol.com\/wp-content\/uploads\/2024\/05\/212-15-225x300.png\" alt=\"Disfrutando de un Picnic con Productos Org\u00e1nicos\" width=\"225\" height=\"300\" srcset=\"https:\/\/hospitalesespanol.com\/wp-content\/uploads\/2024\/05\/212-15-225x300.png 225w, https:\/\/hospitalesespanol.com\/wp-content\/uploads\/2024\/05\/212-15-300x400.png 300w, https:\/\/hospitalesespanol.com\/wp-content\/uploads\/2024\/05\/212-15.png 768w\" sizes=\"auto, (max-width: 225px) 100vw, 225px\" \/><figcaption id=\"caption-attachment-130\" class=\"wp-caption-text\">La naturaleza proporciona el escenario perfecto para disfrutar de alimentos frescos y saludables al aire libre<\/figcaption><\/figure>\n<p>Una dieta sin carne tambi\u00e9n puede ayudar a mantener controlados los niveles de az\u00facar en sangre. Cuando comes hidratos de carbono complejos, como los que se encuentran en el boniato y la quinoa, obtienes energ\u00eda lentamente a lo largo del tiempo, en lugar de toda de golpe como cuando comes az\u00facares refinados. Esta estabilidad es especialmente \u00fatil para las personas que padecen enfermedades relacionadas con el az\u00facar en sangre.<\/p>\n<p>Por \u00faltimo, pero no por ello menos importante, ser vegetariano puede ayudarte a comer de forma m\u00e1s consciente. Las personas que comen principalmente alimentos integrales de origen vegetal son m\u00e1s propensas a pensar en lo que comen, lo que conduce a una mejor relaci\u00f3n con la comida. Durante una <strong>cita magnetosur<\/strong>, suelo hablar de mi pasado y dar consejos para ayudarles a superar el proceso m\u00e1s f\u00e1cilmente.<\/p>\n<p>Te recomiendo encarecidamente que consultes a tu m\u00e9dico para saber si una dieta vegetariana es adecuada para ti.<\/p>\n<h2>Riesgos potenciales del vegetarianismo<\/h2>\n<p>Una dieta vegetariana es buena para ti en muchos aspectos, pero tambi\u00e9n puede ser peligrosa si no sigues los pasos adecuados.<\/p>\n<p>Por ejemplo, la vitamina B12 se encuentra sobre todo en los productos animales y no consumirla lo suficiente puede cansarte y causarte problemas en el sistema nervioso.<\/p>\n<p>Otra preocupaci\u00f3n habitual es no ingerir suficiente hierro. Aunque las espinacas y las alubias son fuentes vegetales de hierro, el organismo no absorbe el hierro; no lo hemo tan bien como el hierro procedente de la carne. Para combatir esto, sugiero comer alimentos ricos en hierro con alimentos ricos en vitamina C para ayudar al cuerpo a absorberlos mejor. A\u00f1adir pimiento a una comida con espinacas, por ejemplo, puede ayudar al cuerpo a absorber mejor el hierro.<\/p>\n<p>Tambi\u00e9n puede ser dif\u00edcil para los veganos ingerir suficientes prote\u00ednas. Hay muchas fuentes de prote\u00ednas de origen vegetal, como las alubias, el tofu y el arroz, pero es necesario planificar las comidas con cuidado para asegurarse de obtener todos los amino\u00e1cidos que el cuerpo necesita.<\/p>\n<p>Otro posible riesgo es comer demasiados alimentos preparados sin carne. Mucha gente come sustitutos de la carne y tentempi\u00e9s envasados, que pueden tener un alto contenido en sal y grasas perjudiciales para la salud.<\/p>\n<p>Las personas que no consumen productos l\u00e1cteos tienen m\u00e1s probabilidades de no ingerir suficiente calcio y vitamina D. Su carencia puede debilitar los huesos y aumentar las probabilidades de que se rompan.<\/p>\n<p>Adem\u00e1s, es importante saber que algunas personas pueden no obtener suficiente yodo, sobre todo las que no comen queso ni huevos. El yodo es necesario para que funcione la tiroides y no obtener suficiente puede causar problemas digestivos. A\u00f1adir a la dieta sal yodada o alimentos marinos como las algas puede ayudar a mantener unos niveles saludables de yodo.<\/p>\n<p>Por \u00faltimo, pasar demasiado r\u00e1pido de una dieta basada en la carne a otra sin carne puede causar problemas estomacales. A\u00f1adir mucha fibra de golpe puede hacer que te sientas inc\u00f3modo e hinchado.<\/p>\n<p>Si se abordan estos riesgos potenciales y se proporciona la orientaci\u00f3n adecuada, es posible disfrutar de los beneficios para la salud de una dieta vegetariana, minimizando sus inconvenientes. A lo largo de mi carrera, que incluye el estudio de la historia de las ambulancias en Espa\u00f1a, he visto lo crucial que es tener un conocimiento completo de los efectos de la dieta.<\/p>\n<figure id=\"attachment_53\" aria-describedby=\"caption-attachment-53\" style=\"width: 640px\" class=\"wp-caption alignnone\"><img loading=\"lazy\" decoding=\"async\" class=\"wp-image-53 size-large\" src=\"https:\/\/hospitalesespanol.com\/wp-content\/uploads\/2024\/01\/IMAGE93a35590-06ec-436c-9ead-4a49f5021149-1024x683.png\" alt=\"Investigaci\u00f3n M\u00e9dica Espa\u00f1a. Vegetarianismo\" width=\"640\" height=\"427\" srcset=\"https:\/\/hospitalesespanol.com\/wp-content\/uploads\/2024\/01\/IMAGE93a35590-06ec-436c-9ead-4a49f5021149-1024x683.png 1024w, https:\/\/hospitalesespanol.com\/wp-content\/uploads\/2024\/01\/IMAGE93a35590-06ec-436c-9ead-4a49f5021149-300x200.png 300w, https:\/\/hospitalesespanol.com\/wp-content\/uploads\/2024\/01\/IMAGE93a35590-06ec-436c-9ead-4a49f5021149-768x512.png 768w, https:\/\/hospitalesespanol.com\/wp-content\/uploads\/2024\/01\/IMAGE93a35590-06ec-436c-9ead-4a49f5021149-850x567.png 850w, https:\/\/hospitalesespanol.com\/wp-content\/uploads\/2024\/01\/IMAGE93a35590-06ec-436c-9ead-4a49f5021149.png 1152w\" sizes=\"auto, (max-width: 640px) 100vw, 640px\" \/><figcaption id=\"caption-attachment-53\" class=\"wp-caption-text\">Avances M\u00e9dicos Espa\u00f1a<\/figcaption><\/figure>\n<h2>Vegetarianismo y salud mental<\/h2>\n<p>Uno de mis amigos decidi\u00f3 hacerse vegetariano para ver si mejoraba su salud en general. Lo primero que not\u00f3 fue que sus niveles de felicidad y energ\u00eda eran mucho mejores. Esto se deb\u00eda a que estaba comiendo m\u00e1s fruta, verdura, frutos secos y semillas, que est\u00e1n llenos de nutrientes importantes que ayudan al cerebro a funcionar.<\/p>\n<p>Se sabe que los \u00e1cidos grasos omega-3, presentes en las semillas de lino y las nueces, son buenos para la salud cerebral. Con su ayuda se producen sustancias qu\u00edmicas nerviosas como la serotonina, que ayuda a mantener estable el estado de \u00e1nimo. Mis investigaciones han demostrado que comer muchos de estos \u00e1cidos grasos puede ayudar a tu salud mental y hacer que la tristeza y la preocupaci\u00f3n sean menos graves.<\/p>\n<p>Una dieta sin carne tambi\u00e9n puede aportarte muchas vitaminas, que ayudan a proteger el cerebro del estr\u00e9s oxidativo. Los antioxidantes se encuentran en grandes cantidades en alimentos como los frutos secos, las bayas y las verduras frescas. Estas sustancias qu\u00edmicas ayudan a las c\u00e9lulas cerebrales a funcionar mejor y evitan que se da\u00f1en. Mi amigo dec\u00eda que comer m\u00e1s de estas cosas le ayudaba a concentrarse mejor y a sentirse menos cansado mentalmente.<\/p>\n<p>El folato es otro nutriente importante para la salud mental que puedes encontrar en grandes cantidades en las jud\u00edas, los guisantes y las verduras de hoja verde. Consumir suficiente folato est\u00e1 relacionado con una mayor felicidad y una mejor funci\u00f3n cerebral. Este nutriente ayuda al cuerpo a producir dopamina, una sustancia qu\u00edmica relacionada con la recompensa y la felicidad.<\/p>\n<div id='gallery-1' class='gallery galleryid-189 gallery-columns-3 gallery-size-thumbnail'><figure class='gallery-item'>\n\t\t\t<div class='gallery-icon portrait'>\n\t\t\t\t<a href='https:\/\/hospitalesespanol.com\/?attachment_id=136'><img loading=\"lazy\" decoding=\"async\" width=\"150\" height=\"150\" src=\"https:\/\/hospitalesespanol.com\/wp-content\/uploads\/2024\/05\/212-21-150x150.png\" class=\"attachment-thumbnail size-thumbnail\" alt=\"Explorando las Maravillas del Turismo Local\" aria-describedby=\"gallery-1-136\" \/><\/a>\n\t\t\t<\/div>\n\t\t\t\t<figcaption class='wp-caption-text gallery-caption' id='gallery-1-136'>\n\t\t\t\tEmocionantes descubrimientos esperan en cada esquina durante tu viaje de exploraci\u00f3n.\n\n\t\t\t\t<\/figcaption><\/figure><figure class='gallery-item'>\n\t\t\t<div class='gallery-icon portrait'>\n\t\t\t\t<a href='https:\/\/hospitalesespanol.com\/?attachment_id=117'><img loading=\"lazy\" decoding=\"async\" width=\"150\" height=\"150\" src=\"https:\/\/hospitalesespanol.com\/wp-content\/uploads\/2024\/05\/212-2-150x150.png\" class=\"attachment-thumbnail size-thumbnail\" alt=\"Disfrutando de un Brunch Saludable en un Caf\u00e9 Urbano\" aria-describedby=\"gallery-1-117\" \/><\/a>\n\t\t\t<\/div>\n\t\t\t\t<figcaption class='wp-caption-text gallery-caption' id='gallery-1-117'>\n\t\t\t\tSaborea la frescura de la ciudad mientras disfrutas de un brunch saludable en este acogedor caf\u00e9 urbano\n\t\t\t\t<\/figcaption><\/figure><figure class='gallery-item'>\n\t\t\t<div class='gallery-icon portrait'>\n\t\t\t\t<a href='https:\/\/hospitalesespanol.com\/?attachment_id=123'><img loading=\"lazy\" decoding=\"async\" width=\"150\" height=\"150\" src=\"https:\/\/hospitalesespanol.com\/wp-content\/uploads\/2024\/05\/212-8-150x150.png\" class=\"attachment-thumbnail size-thumbnail\" alt=\"gustando Especialidades Regionales en un Restaurante Familiar\" aria-describedby=\"gallery-1-123\" \/><\/a>\n\t\t\t<\/div>\n\t\t\t\t<figcaption class='wp-caption-text gallery-caption' id='gallery-1-123'>\n\t\t\t\tLos platillos tradicionales se sirven con amor en este acogedor restaurante familiar\n\t\t\t\t<\/figcaption><\/figure>\n\t\t<\/div>\n\n<p>Tambi\u00e9n investigu\u00e9 el efecto de la salud intestinal en la salud mental. El eje intestino-cerebro es una forma de comunicaci\u00f3n entre el intestino y el cerebro. Lo que comemos tiene un gran efecto en esta red. Una dieta sin carne, llena de alimentos ricos en fibra, como frutas, verduras y cereales integrales, es buena para el microbioma intestinal Los neurotransmisores y las sustancias qu\u00edmicas que afectan a la salud mental y la felicidad pueden ser producidos por un microbioma en equilibrio. Se produjo un cambio evidente en la digesti\u00f3n de mi amigo, que en su opini\u00f3n mejor\u00f3 su salud general.<\/p>\n<p>Pero es importante se\u00f1alar que una dieta sin carne no siempre mejora la salud mental. A muchos s\u00ed, pero no a todos. Algunas personas pueden echar de menos los amino\u00e1cidos que provienen de los productos animales. Estos \u00e1cidos ayudan a producir hormonas como la dopamina y la serotonina. Seg\u00fan lo que he aprendido, seguir una dieta sana con una variedad de prote\u00ednas de origen vegetal puede ayudar con este problema.<\/p>\n<p>Por \u00faltimo, pero no menos importante, los factores sociales tambi\u00e9n importan. Para mi amigo, estar en un grupo de gente que comparte sus puntos de vista sobre el vegetarianismo tuvo un buen efecto en su salud mental. Las creencias compartidas y la red de apoyo hicieron que la gente sintiera que pertenec\u00eda a un grupo, y disminuy\u00f3 su estr\u00e9s.<\/p>\n<div id='gallery-2' class='gallery galleryid-189 gallery-columns-2 gallery-size-medium'><figure class='gallery-item'>\n\t\t\t<div class='gallery-icon landscape'>\n\t\t\t\t<img loading=\"lazy\" decoding=\"async\" width=\"300\" height=\"200\" src=\"https:\/\/hospitalesespanol.com\/wp-content\/uploads\/2024\/01\/IMAGEf6aa52e4-e8b9-4009-b743-307da370b0cd-300x200.png\" class=\"attachment-medium size-medium\" alt=\"Tecnolog\u00eda M\u00e9dica Espa\u00f1a\" aria-describedby=\"gallery-2-51\" srcset=\"https:\/\/hospitalesespanol.com\/wp-content\/uploads\/2024\/01\/IMAGEf6aa52e4-e8b9-4009-b743-307da370b0cd-300x200.png 300w, https:\/\/hospitalesespanol.com\/wp-content\/uploads\/2024\/01\/IMAGEf6aa52e4-e8b9-4009-b743-307da370b0cd-1024x683.png 1024w, https:\/\/hospitalesespanol.com\/wp-content\/uploads\/2024\/01\/IMAGEf6aa52e4-e8b9-4009-b743-307da370b0cd-768x512.png 768w, https:\/\/hospitalesespanol.com\/wp-content\/uploads\/2024\/01\/IMAGEf6aa52e4-e8b9-4009-b743-307da370b0cd-850x567.png 850w, https:\/\/hospitalesespanol.com\/wp-content\/uploads\/2024\/01\/IMAGEf6aa52e4-e8b9-4009-b743-307da370b0cd.png 1152w\" sizes=\"auto, (max-width: 300px) 100vw, 300px\" \/>\n\t\t\t<\/div>\n\t\t\t\t<figcaption class='wp-caption-text gallery-caption' id='gallery-2-51'>\n\t\t\t\tBeneficios Tecnolog\u00eda Hospitalaria\n\n\t\t\t\t<\/figcaption><\/figure><figure class='gallery-item'>\n\t\t\t<div class='gallery-icon landscape'>\n\t\t\t\t<img loading=\"lazy\" decoding=\"async\" width=\"300\" height=\"200\" src=\"https:\/\/hospitalesespanol.com\/wp-content\/uploads\/2024\/01\/IMAGE68f0cb3e-e67d-4064-abd6-dd11ece7b375-300x200.png\" class=\"attachment-medium size-medium\" alt=\"Emergencias M\u00e9dicas Espa\u00f1a\" aria-describedby=\"gallery-2-50\" srcset=\"https:\/\/hospitalesespanol.com\/wp-content\/uploads\/2024\/01\/IMAGE68f0cb3e-e67d-4064-abd6-dd11ece7b375-300x200.png 300w, https:\/\/hospitalesespanol.com\/wp-content\/uploads\/2024\/01\/IMAGE68f0cb3e-e67d-4064-abd6-dd11ece7b375-1024x683.png 1024w, https:\/\/hospitalesespanol.com\/wp-content\/uploads\/2024\/01\/IMAGE68f0cb3e-e67d-4064-abd6-dd11ece7b375-768x512.png 768w, https:\/\/hospitalesespanol.com\/wp-content\/uploads\/2024\/01\/IMAGE68f0cb3e-e67d-4064-abd6-dd11ece7b375-850x567.png 850w, https:\/\/hospitalesespanol.com\/wp-content\/uploads\/2024\/01\/IMAGE68f0cb3e-e67d-4064-abd6-dd11ece7b375.png 1152w\" sizes=\"auto, (max-width: 300px) 100vw, 300px\" \/>\n\t\t\t<\/div>\n\t\t\t\t<figcaption class='wp-caption-text gallery-caption' id='gallery-2-50'>\n\t\t\t\tElegir Hospital Espa\u00f1a\n\t\t\t\t<\/figcaption><\/figure><figure class='gallery-item'>\n\t\t\t<div class='gallery-icon landscape'>\n\t\t\t\t<img loading=\"lazy\" decoding=\"async\" width=\"300\" height=\"200\" src=\"https:\/\/hospitalesespanol.com\/wp-content\/uploads\/2024\/01\/IMAGE7a742171-0a02-451b-bc86-c315fab31591-300x200.png\" class=\"attachment-medium size-medium\" alt=\"Recomendaciones Salud Espa\u00f1a\" aria-describedby=\"gallery-2-49\" srcset=\"https:\/\/hospitalesespanol.com\/wp-content\/uploads\/2024\/01\/IMAGE7a742171-0a02-451b-bc86-c315fab31591-300x200.png 300w, https:\/\/hospitalesespanol.com\/wp-content\/uploads\/2024\/01\/IMAGE7a742171-0a02-451b-bc86-c315fab31591-1024x683.png 1024w, https:\/\/hospitalesespanol.com\/wp-content\/uploads\/2024\/01\/IMAGE7a742171-0a02-451b-bc86-c315fab31591-768x512.png 768w, https:\/\/hospitalesespanol.com\/wp-content\/uploads\/2024\/01\/IMAGE7a742171-0a02-451b-bc86-c315fab31591-850x567.png 850w, https:\/\/hospitalesespanol.com\/wp-content\/uploads\/2024\/01\/IMAGE7a742171-0a02-451b-bc86-c315fab31591.png 1152w\" sizes=\"auto, (max-width: 300px) 100vw, 300px\" \/>\n\t\t\t<\/div>\n\t\t\t\t<figcaption class='wp-caption-text gallery-caption' id='gallery-2-49'>\n\t\t\t\tMirada Profunda Salud Espa\u00f1a\n\t\t\t\t<\/figcaption><\/figure><figure class='gallery-item'>\n\t\t\t<div class='gallery-icon landscape'>\n\t\t\t\t<img loading=\"lazy\" decoding=\"async\" width=\"300\" height=\"200\" src=\"https:\/\/hospitalesespanol.com\/wp-content\/uploads\/2024\/01\/IMAGE878d3d71-45db-42d8-8f1b-413dcab29bea-300x200.png\" class=\"attachment-medium size-medium\" alt=\"Paciente Hospital Espa\u00f1a\" aria-describedby=\"gallery-2-52\" srcset=\"https:\/\/hospitalesespanol.com\/wp-content\/uploads\/2024\/01\/IMAGE878d3d71-45db-42d8-8f1b-413dcab29bea-300x200.png 300w, https:\/\/hospitalesespanol.com\/wp-content\/uploads\/2024\/01\/IMAGE878d3d71-45db-42d8-8f1b-413dcab29bea-1024x683.png 1024w, https:\/\/hospitalesespanol.com\/wp-content\/uploads\/2024\/01\/IMAGE878d3d71-45db-42d8-8f1b-413dcab29bea-768x512.png 768w, https:\/\/hospitalesespanol.com\/wp-content\/uploads\/2024\/01\/IMAGE878d3d71-45db-42d8-8f1b-413dcab29bea-850x567.png 850w, https:\/\/hospitalesespanol.com\/wp-content\/uploads\/2024\/01\/IMAGE878d3d71-45db-42d8-8f1b-413dcab29bea.png 1152w\" sizes=\"auto, (max-width: 300px) 100vw, 300px\" \/>\n\t\t\t<\/div>\n\t\t\t\t<figcaption class='wp-caption-text gallery-caption' id='gallery-2-52'>\n\t\t\t\tSeguridad Paciente Hospital\n\n\t\t\t\t<\/figcaption><\/figure>\n\t\t<\/div>\n\n<h2>Consejos para un vegetarianismo saludable<\/h2>\n<p>Si est\u00e1s pensando en hacerte vegetariano, tienes que asegurarte de que tu alimentaci\u00f3n sea sana y equilibrada. Por lo que he aprendido y lo que he visto, aqu\u00ed tienes algunos consejos \u00fatiles.<\/p>\n<p>En primer lugar, obt\u00e9n tus prote\u00ednas de diversas fuentes. El tofu, el tempeh, la quinoa, los frutos secos, las semillas, las legumbres y la quinoa son excelentes fuentes vegetales de prote\u00ednas. Mi amigo se hizo vegetariano y descubri\u00f3 que comiendo una mezcla de estos alimentos manten\u00eda sus comidas interesantes y se aseguraba de obtener todos los nutrientes que necesitaba.<\/p>\n<p>Adem\u00e1s, vigila la cantidad de hierro que ingieres. El cuerpo no recibe el hierro de origen vegetal tan bien como el hierro de la carne. El hierro de origen vegetal se encuentra en alimentos como las espinacas, las alubias y las lentejas. Para obtener m\u00e1s vitamina C de estos alimentos, c\u00f3melos con alimentos como pimientos, tomates y c\u00edtricos. Cuando mi amigo com\u00eda ensalada verde, siempre le a\u00f1ad\u00eda un chorrito de lim\u00f3n. Esto hac\u00eda que sus niveles de hierro fueran mucho m\u00e1s altos.<\/p>\n<p>Otro nutriente importante que suele faltar en las comidas sin carne es la vitamina B12. Como la vitamina B12 se encuentra sobre todo en los productos animales, es importante comer alimentos que hayan sido suplementados con B12 o tomar una vitamina B12. Mi estudio demuestra lo importante que es vigilar diariamente los niveles de B12 para evitar carencias.<\/p>\n<p>Para tener unos huesos sanos, necesitas calcio y vitamina D. Mucha gente obtiene el calcio de los l\u00e1cteos, pero las leches vegetales enriquecidas, las verduras de hoja y los frutos secos tambi\u00e9n son buenas fuentes. La vitamina D se obtiene de la exposici\u00f3n al sol y de los alimentos enriquecidos. La vitamina D ayuda al organismo a absorber el calcio.<\/p>\n<p>Las grasas saludables son importantes para la salud en general. A\u00f1ade a tus comidas alimentos como aceite de oliva, frutos secos, semillas y aguacates. Estas grasas son buenas para tu cerebro y tu salud en general.<\/p>\n<p>La fibra es una de las mejores cosas de la dieta vegetariana, pero en exceso puede hacer que te duela el est\u00f3mago. A\u00f1ade con el tiempo m\u00e1s alimentos ricos en fibra, como frutas, verduras, cereales integrales y legumbres. Mi amigo descubri\u00f3 que tomar poco a poco m\u00e1s fibra y beber mucha agua ayud\u00f3 a su cuerpo a adaptarse bien.<\/p>\n<p>Por \u00faltimo, planificar las comidas con antelaci\u00f3n puede ayudarte a controlar tu alimentaci\u00f3n. Puede ser m\u00e1s f\u00e1cil seguir una dieta saludable si planificas una comida semanal con una variedad de verduras, cereales y fuentes de prote\u00ednas.<\/p>\n","protected":false},"excerpt":{"rendered":"<p>Dalgi Cuesta Barrios: Beneficios del vegetarianismo para la salud El cambio a una dieta sin&#8230;<\/p>\n","protected":false},"author":2,"featured_media":53,"parent":0,"menu_order":0,"comment_status":"closed","ping_status":"closed","template":"","meta":{"footnotes":""},"class_list":["post-189","page","type-page","status-publish","has-post-thumbnail","hentry"],"aioseo_notices":[],"_links":{"self":[{"href":"https:\/\/hospitalesespanol.com\/index.php?rest_route=\/wp\/v2\/pages\/189","targetHints":{"allow":["GET"]}}],"collection":[{"href":"https:\/\/hospitalesespanol.com\/index.php?rest_route=\/wp\/v2\/pages"}],"about":[{"href":"https:\/\/hospitalesespanol.com\/index.php?rest_route=\/wp\/v2\/types\/page"}],"author":[{"embeddable":true,"href":"https:\/\/hospitalesespanol.com\/index.php?rest_route=\/wp\/v2\/users\/2"}],"replies":[{"embeddable":true,"href":"https:\/\/hospitalesespanol.com\/index.php?rest_route=%2Fwp%2Fv2%2Fcomments&post=189"}],"version-history":[{"count":3,"href":"https:\/\/hospitalesespanol.com\/index.php?rest_route=\/wp\/v2\/pages\/189\/revisions"}],"predecessor-version":[{"id":194,"href":"https:\/\/hospitalesespanol.com\/index.php?rest_route=\/wp\/v2\/pages\/189\/revisions\/194"}],"wp:featuredmedia":[{"embeddable":true,"href":"https:\/\/hospitalesespanol.com\/index.php?rest_route=\/wp\/v2\/media\/53"}],"wp:attachment":[{"href":"https:\/\/hospitalesespanol.com\/index.php?rest_route=%2Fwp%2Fv2%2Fmedia&parent=189"}],"curies":[{"name":"wp","href":"https:\/\/api.w.org\/{rel}","templated":true}]}}