{"id":185,"date":"2024-06-20T13:05:14","date_gmt":"2024-06-20T13:05:14","guid":{"rendered":"https:\/\/hospitalesespanol.com\/?page_id=185"},"modified":"2024-06-20T13:05:14","modified_gmt":"2024-06-20T13:05:14","slug":"6-la-rucula-hace-mal-a-los-intestinos","status":"publish","type":"page","link":"https:\/\/hospitalesespanol.com\/?page_id=185","title":{"rendered":"6 la r\u00facula hace mal a los intestinos"},"content":{"rendered":"<h2><span data-sheets-root=\"1\" data-sheets-value=\"{&quot;1&quot;:2,&quot;2&quot;:&quot;dalgi cuesta barrios&quot;}\" data-sheets-userformat=\"{&quot;2&quot;:4224,&quot;10&quot;:2,&quot;15&quot;:&quot;Arial&quot;}\">Dalgi Cuesta Barrios: 6 la r\u00facula hace mal a los intestinos<\/span><\/h2>\n<p>La r\u00facula, que es otro nombre de la roccola, es una verdura de hoja verde que suele alabarse por su sabor picante y sus beneficios para la salud. Escribir art\u00edculos para este sitio es un agradable descanso de mi trabajo habitual porque me permite probar cosas nuevas en la cocina y compartir lo que aprendo. Pero cocinando y aprendiendo sobre salud, he aprendido que estos alimentos no siempre son buenos para el intestino. A medida que he ido estudiando c\u00f3mo afectan los distintos alimentos al organismo, he observado algunas respuestas interesantes a la r\u00facula de las que creo que merece la pena hablar.<\/p>\n<p>Por experiencia propia y observando a mi familia, he visto que comer r\u00facula puede hacer que me duela el est\u00f3mago. Como me interesaban estas afirmaciones, decid\u00ed aprender m\u00e1s sobre por qu\u00e9 pod\u00eda ocurrir esto.<\/p>\n<p>He visto patrones y signos repetidos en personas sensibles a la r\u00facula.<\/p>\n<p>Mi objetivo es compartir estos resultados y dar a la gente ideas que puedan ayudarles cuando tengan problemas similares.<\/p>\n<figure id=\"attachment_120\" aria-describedby=\"caption-attachment-120\" style=\"width: 578px\" class=\"wp-caption alignnone\"><img loading=\"lazy\" decoding=\"async\" class=\"wp-image-120 size-large\" src=\"https:\/\/hospitalesespanol.com\/wp-content\/uploads\/2024\/05\/212-5-578x1024.png\" alt=\"la r\u00facula hace mal a los intestinos\" width=\"578\" height=\"1024\" srcset=\"https:\/\/hospitalesespanol.com\/wp-content\/uploads\/2024\/05\/212-5-578x1024.png 578w, https:\/\/hospitalesespanol.com\/wp-content\/uploads\/2024\/05\/212-5-169x300.png 169w, https:\/\/hospitalesespanol.com\/wp-content\/uploads\/2024\/05\/212-5-300x531.png 300w, https:\/\/hospitalesespanol.com\/wp-content\/uploads\/2024\/05\/212-5.png 664w\" sizes=\"auto, (max-width: 578px) 100vw, 578px\" \/><figcaption id=\"caption-attachment-120\" class=\"wp-caption-text\">Sum\u00e9rgete en un mundo de sabores y aromas mientras exploras una bodega de vinos boutique<\/figcaption><\/figure>\n<h2>Alta en Fibras: \u00bfBeneficio o Problema?<\/h2>\n<p>A la gente le encanta la r\u00facula porque tiene mucha fibra, que es buena para la salud intestinal. Pero a medida que he ido aprendiendo m\u00e1s sobre cocina y salud, me he dado cuenta de que esta misma fibra a veces puede ser perjudicial. Aunque la fibra es buena en peque\u00f1as cantidades, en exceso puede provocar hinchaz\u00f3n y gases. Esto es especialmente cierto para las personas cuyos est\u00f3magos son delicados.<\/p>\n<p>Personalmente, he descubierto que los alimentos ricos en r\u00facula me hinchan y me producen gases. Para entenderlo mejor, empec\u00e9 a fijarme en lo que com\u00eda y a hacer un seguimiento de la cantidad de fibra que obten\u00eda de los distintos alimentos. Estaba claro que la r\u00facula, que contiene mucha fibra gruesa, estaba relacionada con todos estos problemas estomacales.<\/p>\n<p>Intent\u00e9 cambiar la cantidad de fibra que com\u00eda reduciendo el consumo de r\u00facula y a\u00f1adiendo otras verduras a la mezcla. Este cambio a menudo supuso una gran diferencia en c\u00f3mo me sent\u00eda. Prestando mucha atenci\u00f3n a c\u00f3mo me sent\u00eda, pude cambiar mi alimentaci\u00f3n para poder obtener los beneficios saludables de la r\u00facula sin el dolor.<\/p>\n<div id='gallery-1' class='gallery galleryid-185 gallery-columns-3 gallery-size-thumbnail'><figure class='gallery-item'>\n\t\t\t<div class='gallery-icon landscape'>\n\t\t\t\t<a href='https:\/\/hospitalesespanol.com\/?attachment_id=54'><img loading=\"lazy\" decoding=\"async\" width=\"150\" height=\"150\" src=\"https:\/\/hospitalesespanol.com\/wp-content\/uploads\/2024\/01\/cropped-IMAGE93a35590-06ec-436c-9ead-4a49f5021149-150x150.png\" class=\"attachment-thumbnail size-thumbnail\" alt=\"\" srcset=\"https:\/\/hospitalesespanol.com\/wp-content\/uploads\/2024\/01\/cropped-IMAGE93a35590-06ec-436c-9ead-4a49f5021149-150x150.png 150w, https:\/\/hospitalesespanol.com\/wp-content\/uploads\/2024\/01\/cropped-IMAGE93a35590-06ec-436c-9ead-4a49f5021149-300x300.png 300w, https:\/\/hospitalesespanol.com\/wp-content\/uploads\/2024\/01\/cropped-IMAGE93a35590-06ec-436c-9ead-4a49f5021149.png 768w\" sizes=\"auto, (max-width: 150px) 100vw, 150px\" \/><\/a>\n\t\t\t<\/div><\/figure><figure class='gallery-item'>\n\t\t\t<div class='gallery-icon landscape'>\n\t\t\t\t<a href='https:\/\/hospitalesespanol.com\/?attachment_id=53'><img loading=\"lazy\" decoding=\"async\" width=\"150\" height=\"150\" src=\"https:\/\/hospitalesespanol.com\/wp-content\/uploads\/2024\/01\/IMAGE93a35590-06ec-436c-9ead-4a49f5021149-150x150.png\" class=\"attachment-thumbnail size-thumbnail\" alt=\"Investigaci\u00f3n M\u00e9dica Espa\u00f1a\" aria-describedby=\"gallery-1-53\" \/><\/a>\n\t\t\t<\/div>\n\t\t\t\t<figcaption class='wp-caption-text gallery-caption' id='gallery-1-53'>\n\t\t\t\tAvances M\u00e9dicos Espa\u00f1a\n\n\t\t\t\t<\/figcaption><\/figure><figure class='gallery-item'>\n\t\t\t<div class='gallery-icon landscape'>\n\t\t\t\t<a href='https:\/\/hospitalesespanol.com\/?attachment_id=52'><img loading=\"lazy\" decoding=\"async\" width=\"150\" height=\"150\" src=\"https:\/\/hospitalesespanol.com\/wp-content\/uploads\/2024\/01\/IMAGE878d3d71-45db-42d8-8f1b-413dcab29bea-150x150.png\" class=\"attachment-thumbnail size-thumbnail\" alt=\"Paciente Hospital Espa\u00f1a\" aria-describedby=\"gallery-1-52\" \/><\/a>\n\t\t\t<\/div>\n\t\t\t\t<figcaption class='wp-caption-text gallery-caption' id='gallery-1-52'>\n\t\t\t\tSeguridad Paciente Hospital\n\n\t\t\t\t<\/figcaption><\/figure><figure class='gallery-item'>\n\t\t\t<div class='gallery-icon landscape'>\n\t\t\t\t<a href='https:\/\/hospitalesespanol.com\/?attachment_id=51'><img loading=\"lazy\" decoding=\"async\" width=\"150\" height=\"150\" src=\"https:\/\/hospitalesespanol.com\/wp-content\/uploads\/2024\/01\/IMAGEf6aa52e4-e8b9-4009-b743-307da370b0cd-150x150.png\" class=\"attachment-thumbnail size-thumbnail\" alt=\"Tecnolog\u00eda M\u00e9dica Espa\u00f1a\" aria-describedby=\"gallery-1-51\" \/><\/a>\n\t\t\t<\/div>\n\t\t\t\t<figcaption class='wp-caption-text gallery-caption' id='gallery-1-51'>\n\t\t\t\tBeneficios Tecnolog\u00eda Hospitalaria\n\n\t\t\t\t<\/figcaption><\/figure><figure class='gallery-item'>\n\t\t\t<div class='gallery-icon landscape'>\n\t\t\t\t<a href='https:\/\/hospitalesespanol.com\/?attachment_id=50'><img loading=\"lazy\" decoding=\"async\" width=\"150\" height=\"150\" src=\"https:\/\/hospitalesespanol.com\/wp-content\/uploads\/2024\/01\/IMAGE68f0cb3e-e67d-4064-abd6-dd11ece7b375-150x150.png\" class=\"attachment-thumbnail size-thumbnail\" alt=\"Emergencias M\u00e9dicas Espa\u00f1a\" aria-describedby=\"gallery-1-50\" \/><\/a>\n\t\t\t<\/div>\n\t\t\t\t<figcaption class='wp-caption-text gallery-caption' id='gallery-1-50'>\n\t\t\t\tElegir Hospital Espa\u00f1a\n\t\t\t\t<\/figcaption><\/figure><figure class='gallery-item'>\n\t\t\t<div class='gallery-icon landscape'>\n\t\t\t\t<a href='https:\/\/hospitalesespanol.com\/?attachment_id=49'><img loading=\"lazy\" decoding=\"async\" width=\"150\" height=\"150\" src=\"https:\/\/hospitalesespanol.com\/wp-content\/uploads\/2024\/01\/IMAGE7a742171-0a02-451b-bc86-c315fab31591-150x150.png\" class=\"attachment-thumbnail size-thumbnail\" alt=\"Recomendaciones Salud Espa\u00f1a\" aria-describedby=\"gallery-1-49\" \/><\/a>\n\t\t\t<\/div>\n\t\t\t\t<figcaption class='wp-caption-text gallery-caption' id='gallery-1-49'>\n\t\t\t\tMirada Profunda Salud Espa\u00f1a\n\t\t\t\t<\/figcaption><\/figure>\n\t\t<\/div>\n\n<h2>Having Glucosinolatos in the body: Effects on Digestive Health<\/h2>\n<p>Se trata de sustancias qu\u00edmicas naturales que se encuentran en la r\u00facula y otras verduras cruc\u00edferas como el br\u00e9col, la col y las coles de Bruselas. Estas sustancias qu\u00edmicas ayudan a las plantas a protegerse de los insectos da\u00f1inos. Los glucosinolatos pueden descomponerse en sustancias qu\u00edmicas beneficiosas como los isotiocianatos y las \u00edndoles cuando la gente los come.<\/p>\n<p>Pero a medida que he ido aprendiendo m\u00e1s sobre los ingredientes alimentarios y c\u00f3mo pueden afectar a la salud, he descubierto que estas sustancias qu\u00edmicas tambi\u00e9n pueden hacer que a algunas personas les duelan los intestinos. Los glucosinolatos pueden descomponerse en sustancias qu\u00edmicas que pueden irritar el sistema digestivo y provocarle dolor.<\/p>\n<p>Durante la digesti\u00f3n, la enzima mirosinasa descompone estas sustancias qu\u00edmicas y las convierte en isotiocianatos. Los isotiocianatos se han estudiado para ver si pueden ayudar a proteger contra el c\u00e1ncer, pero tambi\u00e9n pueden irritar las paredes del intestino, sobre todo en personas que ya tienen sistemas digestivos sensibles.<\/p>\n<p>Mi salud intestinal mejor\u00f3 mucho despu\u00e9s de cambiar mi dieta y comer mucha menos r\u00facula y otros alimentos ricos en glucosinolatos. Planificando y vigilando mi alimentaci\u00f3n, he podido disfrutar de la r\u00facula sin sufrir ning\u00fan efecto nocivo.<\/p>\n<div id='gallery-2' class='gallery galleryid-185 gallery-columns-2 gallery-size-thumbnail'><figure class='gallery-item'>\n\t\t\t<div class='gallery-icon portrait'>\n\t\t\t\t<img loading=\"lazy\" decoding=\"async\" width=\"150\" height=\"150\" src=\"https:\/\/hospitalesespanol.com\/wp-content\/uploads\/2024\/05\/212-11-150x150.png\" class=\"attachment-thumbnail size-thumbnail\" alt=\"Disfrutando de una Cena Gourmet con Vistas al Mar\" aria-describedby=\"gallery-2-126\" \/>\n\t\t\t<\/div>\n\t\t\t\t<figcaption class='wp-caption-text gallery-caption' id='gallery-2-126'>\n\t\t\t\tLa brisa marina y los sabores frescos se combinan en esta experiencia gastron\u00f3mica \u00fanica\n\t\t\t\t<\/figcaption><\/figure><figure class='gallery-item'>\n\t\t\t<div class='gallery-icon portrait'>\n\t\t\t\t<img loading=\"lazy\" decoding=\"async\" width=\"150\" height=\"150\" src=\"https:\/\/hospitalesespanol.com\/wp-content\/uploads\/2024\/05\/212-15-150x150.png\" class=\"attachment-thumbnail size-thumbnail\" alt=\"Disfrutando de un Picnic con Productos Org\u00e1nicos\" aria-describedby=\"gallery-2-130\" \/>\n\t\t\t<\/div>\n\t\t\t\t<figcaption class='wp-caption-text gallery-caption' id='gallery-2-130'>\n\t\t\t\tLa naturaleza proporciona el escenario perfecto para disfrutar de alimentos frescos y saludables al aire libre\n\t\t\t\t<\/figcaption><\/figure>\n\t\t<\/div>\n\n<h2>Contenido de \u00c1cido Ox\u00e1lico: Riesgo para Personas con Problemas Renales<\/h2>\n<p>El \u00e1cido ox\u00e1lico, que se encuentra en muchas verduras de hoja verde y puede aumentar la probabilidad de c\u00e1lculos renales en las personas m\u00e1s propensas a padecerlos, est\u00e1 presente en la r\u00facula. Esto es especialmente importante para las personas que han tenido c\u00e1lculos renales u otros problemas en el pasado. El \u00e1cido ox\u00e1lico se une al calcio en el organismo para formar cristales de oxalato c\u00e1lcico que no pueden descomponerse. Estos cristales pueden acumularse y provocar la formaci\u00f3n de c\u00e1lculos.<\/p>\n<p>Por mi propia experiencia, descubr\u00ed que comer m\u00e1s r\u00facula me provocaba un ligero dolor en la parte baja de la espalda, lo que podr\u00eda ser un signo de tensi\u00f3n renal. Para hacerme una mejor idea, investigu\u00e9 cu\u00e1nto \u00e1cido ox\u00e1lico contiene la r\u00facula y lo compar\u00e9 con otras verduras. Qued\u00f3 claro que la r\u00facula tiene m\u00e1s \u00e1cido ox\u00e1lico que otras verduras verdes, aunque sea saludable.<\/p>\n<p>Para reducir este riesgo, decid\u00ed seguir una dieta equilibrada que incluyera muchas verduras con bajo contenido en \u00e1cido ox\u00e1lico, como la lechuga romana y la col rizada. Adem\u00e1s, mantenerse hidratado es muy importante porque ayuda al organismo a eliminar los oxalatos sobrantes, lo que reduce el riesgo de formaci\u00f3n de c\u00e1lculos. Estos cambios no s\u00f3lo me hicieron sentir mejor, sino que tambi\u00e9n me permitieron seguir comiendo r\u00facula con moderaci\u00f3n sin preocuparme por los problemas renales.<\/p>\n<p>Efectos de los nitratos en la microbiota intestinal: Tambi\u00e9n se sabe que el Rooibos contiene muchos nitratos, que pueden ser buenos o malos para la salud. Los nitratos son sustancias qu\u00edmicas naturales que pueden mejorar la salud del coraz\u00f3n y el flujo sangu\u00edneo cuando se transforman en \u00f3xido n\u00edtrico en el organismo. Sin embargo, las bacterias del intestino pueden transformar los nitratos en nitritos y luego en nitrosaminas, que pueden ser peligrosas.<\/p>\n<p>Not\u00e9 cambios en mi salud intestinal cuando com\u00ed mucha r\u00facula durante mis estudios cl\u00ednicos. Como esto me interesaba, decid\u00ed investigar c\u00f3mo afectan los nitratos alimentarios a las bacterias del intestino. Seg\u00fan el estudio que realic\u00e9, los nitratos pueden ayudar a que crezcan bacterias buenas, pero tambi\u00e9n pueden desequilibrar la flora intestinal en personas sensibles, lo que puede provocar s\u00edntomas como gases y dolor.<\/p>\n<p>Para solucionarlo, reduje la cantidad de r\u00facula que com\u00eda y empec\u00e9 a consumir m\u00e1s alimentos ricos en probi\u00f3ticos, como el yogur y las verduras fermentadas. Estos probi\u00f3ticos ayudan a mantener sanas las bacterias intestinales, lo que anula los efectos nocivos que puedan tener los nitratos. Encontr\u00e9 una combinaci\u00f3n que me permit\u00eda disfrutar de los beneficios de la r\u00facula sin da\u00f1ar mi salud estomacal, vigilando lo que com\u00eda y c\u00f3mo se sent\u00eda mi intestino.<\/p>\n<figure id=\"attachment_48\" aria-describedby=\"caption-attachment-48\" style=\"width: 300px\" class=\"wp-caption alignnone\"><img loading=\"lazy\" decoding=\"async\" class=\"size-medium wp-image-48\" src=\"https:\/\/hospitalesespanol.com\/wp-content\/uploads\/2024\/01\/IMAGEeacde9e8-f941-4c23-9328-79e304c820ca-300x200.png\" alt=\"Asistencia Sanitaria Espa\u00f1a\" width=\"300\" height=\"200\" srcset=\"https:\/\/hospitalesespanol.com\/wp-content\/uploads\/2024\/01\/IMAGEeacde9e8-f941-4c23-9328-79e304c820ca-300x200.png 300w, https:\/\/hospitalesespanol.com\/wp-content\/uploads\/2024\/01\/IMAGEeacde9e8-f941-4c23-9328-79e304c820ca-1024x683.png 1024w, https:\/\/hospitalesespanol.com\/wp-content\/uploads\/2024\/01\/IMAGEeacde9e8-f941-4c23-9328-79e304c820ca-768x512.png 768w, https:\/\/hospitalesespanol.com\/wp-content\/uploads\/2024\/01\/IMAGEeacde9e8-f941-4c23-9328-79e304c820ca-850x567.png 850w, https:\/\/hospitalesespanol.com\/wp-content\/uploads\/2024\/01\/IMAGEeacde9e8-f941-4c23-9328-79e304c820ca.png 1152w\" sizes=\"auto, (max-width: 300px) 100vw, 300px\" \/><figcaption id=\"caption-attachment-48\" class=\"wp-caption-text\">Cuidado Salud Espa\u00f1a<\/figcaption><\/figure>\n<h2>Potencial de Alergias Alimentarias<\/h2>\n<p>Algunas personas son al\u00e9rgicas a la r\u00facula, al igual que lo son a muchos otros alimentos. Las alergias alimentarias pueden manifestarse de muchas maneras, como problemas estomacales, manchas en la piel y problemas respiratorios.<\/p>\n<p>Hicimos una dieta de eliminaci\u00f3n para encontrar la causa. Retiramos la r\u00facula y otros posibles al\u00e9rgenos de nuestras comidas y los volvimos a a\u00f1adir poco a poco, uno a uno. Esto nos ayud\u00f3 a descubrir que las respuestas al\u00e9rgicas estaban causadas por la r\u00facula. Muchos m\u00e1s estudios demostraron que las prote\u00ednas de la r\u00facula a veces pueden combinarse con al\u00e9rgenos de otras plantas, especialmente las de la familia del abedul.<\/p>\n<p>Como medida de seguridad, ahora nos mantenemos alejados de la r\u00facula y elegimos otras verduras frescas que no nos sensibilizan tanto.<\/p>\n<p>La r\u00facula es una verdura de hoja verde rica en nutrientes y buena para la salud en muchos aspectos, pero puede ser dif\u00edcil de digerir para algunas personas. Mi propia experiencia con la r\u00facula me ha demostrado tanto sus efectos buenos como malos para la salud intestinal. Tiene mucha fibra, vitaminas, minerales y sustancias qu\u00edmicas beneficiosas como los glucosinolatos y los nitratos. Pero como tiene mucha fibra, los glucosinolatos y el \u00e1cido ox\u00e1lico pueden ser desagradables, y tambi\u00e9n puede reaccionar mal con medicamentos y suplementos.<\/p>\n<div id='gallery-3' class='gallery galleryid-185 gallery-columns-3 gallery-size-thumbnail'><figure class='gallery-item'>\n\t\t\t<div class='gallery-icon portrait'>\n\t\t\t\t<a href='https:\/\/hospitalesespanol.com\/?attachment_id=122'><img loading=\"lazy\" decoding=\"async\" width=\"150\" height=\"150\" src=\"https:\/\/hospitalesespanol.com\/wp-content\/uploads\/2024\/05\/212-7-150x150.png\" class=\"attachment-thumbnail size-thumbnail\" alt=\"Explorando la Cocina Mediterr\u00e1nea en un Mercado de Pescado\" aria-describedby=\"gallery-3-122\" \/><\/a>\n\t\t\t<\/div>\n\t\t\t\t<figcaption class='wp-caption-text gallery-caption' id='gallery-3-122'>\n\t\t\t\tLos productos del mar frescos son la joya de la corona en este bullicioso mercado.\n\t\t\t\t<\/figcaption><\/figure><figure class='gallery-item'>\n\t\t\t<div class='gallery-icon portrait'>\n\t\t\t\t<a href='https:\/\/hospitalesespanol.com\/?attachment_id=123'><img loading=\"lazy\" decoding=\"async\" width=\"150\" height=\"150\" src=\"https:\/\/hospitalesespanol.com\/wp-content\/uploads\/2024\/05\/212-8-150x150.png\" class=\"attachment-thumbnail size-thumbnail\" alt=\"gustando Especialidades Regionales en un Restaurante Familiar\" aria-describedby=\"gallery-3-123\" \/><\/a>\n\t\t\t<\/div>\n\t\t\t\t<figcaption class='wp-caption-text gallery-caption' id='gallery-3-123'>\n\t\t\t\tLos platillos tradicionales se sirven con amor en este acogedor restaurante familiar\n\t\t\t\t<\/figcaption><\/figure>\n\t\t<\/div>\n\n<h2>Advantages and Disadvantages of Arugula<\/h2>\n<p>La r\u00facula es una buena adici\u00f3n a una dieta sana porque tiene muchos beneficios. Su alto contenido en fibra es bueno para la salud digestiva porque ayuda a mantener sanas las bacterias intestinales y favorece las deposiciones frecuentes. La r\u00facula es buena para la salud porque contiene muchas vitaminas y minerales importantes, como las vitaminas K, C y A, \u00e1cido f\u00f3lico, calcio y magnesio. Estos nutrientes ayudan a que tus huesos se mantengan fuertes, a que tu sistema inmunitario funcione bien y a tu vista. Tener antioxidantes en el cuerpo, como betacaroteno, lute\u00edna y zeaxantina, ayuda a defenderse de los radicales libres y reduce el riesgo de contraer enfermedades cr\u00f3nicas. Adem\u00e1s, sustancias qu\u00edmicas como los glucosinolatos y los nitratos pueden ayudar a reducir la inflamaci\u00f3n y mejorar la salud del coraz\u00f3n.<\/p>\n<p>Pero las verduras tambi\u00e9n tienen algunas cosas malas. Su alto contenido en fibra suele ser bueno, pero las personas con sistemas digestivos d\u00e9biles pueden experimentar hinchaz\u00f3n y gases. Aunque los glucosinolatos ayudan a combatir el c\u00e1ncer, tambi\u00e9n pueden descomponerse en sustancias qu\u00edmicas que da\u00f1an el revestimiento del intestino. El \u00e1cido ox\u00e1lico de la r\u00facula puede aumentar la probabilidad de c\u00e1lculos renales, sobre todo en personas con problemas renales. Aunque los nitratos de la r\u00facula favorecen la circulaci\u00f3n sangu\u00ednea, pueden alterar el equilibrio de las bacterias en el intestino de algunas personas, lo que puede provocar problemas estomacales. Adem\u00e1s, las personas sensibles pueden tener reacciones al\u00e9rgicas a la r\u00facula, y \u00e9sta puede combinarse con algunos medicamentos y suplementos, por lo que es importante planificar y vigilar la dieta con cuidado.<\/p>\n<p>Conociendo estos pros y contras, podr\u00e1s tomar una decisi\u00f3n informada sobre si a\u00f1adir la r\u00facula a su dieta.<\/p>\n<hr \/>\n<p><a class=\"wp-block-latest-posts__post-title\" href=\"https:\/\/hospitalesespanol.com\/?p=37\" target=\"_blank\" rel=\"noopener\">La Experiencia del Paciente en Hospitales Espa\u00f1oles: C\u00f3mo Hacerla M\u00e1s C\u00f3moda y Segura<\/a><\/p>\n<p><a class=\"wp-block-latest-posts__post-title\" href=\"https:\/\/hospitalesespanol.com\/?p=35\" target=\"_blank\" rel=\"noopener\">Tecnolog\u00eda M\u00e9dica Avanzada en Hospitales Espa\u00f1oles: Innovaciones y Beneficios<\/a><\/p>\n","protected":false},"excerpt":{"rendered":"<p>Dalgi Cuesta Barrios: 6 la r\u00facula hace mal a los intestinos La r\u00facula, que es&#8230;<\/p>\n","protected":false},"author":2,"featured_media":138,"parent":0,"menu_order":0,"comment_status":"closed","ping_status":"closed","template":"","meta":{"footnotes":""},"class_list":["post-185","page","type-page","status-publish","has-post-thumbnail","hentry"],"aioseo_notices":[],"_links":{"self":[{"href":"https:\/\/hospitalesespanol.com\/index.php?rest_route=\/wp\/v2\/pages\/185","targetHints":{"allow":["GET"]}}],"collection":[{"href":"https:\/\/hospitalesespanol.com\/index.php?rest_route=\/wp\/v2\/pages"}],"about":[{"href":"https:\/\/hospitalesespanol.com\/index.php?rest_route=\/wp\/v2\/types\/page"}],"author":[{"embeddable":true,"href":"https:\/\/hospitalesespanol.com\/index.php?rest_route=\/wp\/v2\/users\/2"}],"replies":[{"embeddable":true,"href":"https:\/\/hospitalesespanol.com\/index.php?rest_route=%2Fwp%2Fv2%2Fcomments&post=185"}],"version-history":[{"count":1,"href":"https:\/\/hospitalesespanol.com\/index.php?rest_route=\/wp\/v2\/pages\/185\/revisions"}],"predecessor-version":[{"id":187,"href":"https:\/\/hospitalesespanol.com\/index.php?rest_route=\/wp\/v2\/pages\/185\/revisions\/187"}],"wp:featuredmedia":[{"embeddable":true,"href":"https:\/\/hospitalesespanol.com\/index.php?rest_route=\/wp\/v2\/media\/138"}],"wp:attachment":[{"href":"https:\/\/hospitalesespanol.com\/index.php?rest_route=%2Fwp%2Fv2%2Fmedia&parent=185"}],"curies":[{"name":"wp","href":"https:\/\/api.w.org\/{rel}","templated":true}]}}