{"id":166,"date":"2024-05-16T13:41:51","date_gmt":"2024-05-16T13:41:51","guid":{"rendered":"https:\/\/hospitalesespanol.com\/?page_id=166"},"modified":"2024-05-16T13:41:51","modified_gmt":"2024-05-16T13:41:51","slug":"cuales-son-los-mejores-alimentos-para-las-mujeres-de-mas-de-40-anos","status":"publish","type":"page","link":"https:\/\/hospitalesespanol.com\/?page_id=166","title":{"rendered":"\u00bfCu\u00e1les son los mejores alimentos para las mujeres de m\u00e1s de 40 a\u00f1os?"},"content":{"rendered":"<div class=\"flex-1 overflow-hidden\">\n<div class=\"react-scroll-to-bottom--css-uzbur-79elbk h-full\">\n<div class=\"react-scroll-to-bottom--css-uzbur-1n7m0yu\">\n<div class=\"flex flex-col text-sm pb-9\">\n<div class=\"w-full text-token-text-primary\" dir=\"auto\" data-testid=\"conversation-turn-7\" data-scroll-anchor=\"true\">\n<div class=\"py-2 juice:py-[18px] px-3 text-base md:px-4 m-auto md:px-5 lg:px-1 xl:px-5\">\n<div class=\"mx-auto flex flex-1 gap-3 text-base juice:gap-4 juice:md:gap-6 md:max-w-3xl\">\n<div class=\"group\/conversation-turn relative flex w-full min-w-0 flex-col agent-turn\">\n<div class=\"flex-col gap-1 md:gap-3\">\n<div class=\"flex flex-grow flex-col max-w-full\">\n<div class=\"min-h-[20px] text-message flex flex-col items-start whitespace-pre-wrap break-words [.text-message+&amp;]:mt-5 juice:w-full juice:items-end overflow-x-auto gap-2\" dir=\"auto\" data-message-author-role=\"assistant\" data-message-id=\"84e2781a-976d-446d-9b1d-9a8e15113fa5\">\n<div class=\"flex w-full flex-col gap-1 juice:empty:hidden juice:first:pt-[3px]\">\n<div class=\"markdown prose w-full break-words dark:prose-invert dark\">\n<h3>Mejores alimentos para las mujeres de m\u00e1s de 40 a\u00f1os.<\/h3>\n<p>As\u00ed que, para empezar, reduje los alimentos preparados. Muchos de estos alimentos tienen un alto contenido de az\u00facar y grasas perjudiciales para la salud, que pueden hacer que aumentes de peso y causar otros problemas de salud. Me limit\u00e9 a los alimentos integrales, como frutas, verduras, carnes magras y cereales integrales. Estos alimentos aportaron a mi cuerpo las vitaminas y minerales que necesitaba para satisfacer sus cambiantes necesidades.<\/p>\n<p>Un cambio importante fue a\u00f1adir m\u00e1s alimentos ricos en antioxidantes, como frutos secos y bayas. El estr\u00e9s oxidativo empeora con la edad, pero los antioxidantes pueden ayudar a combatirlo. Este tipo de estr\u00e9s puede da\u00f1ar las c\u00e9lulas y provocar enfermedades a largo plazo. A\u00f1adir estos alimentos a mi dieta me hizo sentir con m\u00e1s energ\u00eda y mejor\u00f3 mi salud en general.<\/p>\n<p>La ingesta de prote\u00ednas tambi\u00e9n fue muy importante. Las prote\u00ednas son importantes para mantener los m\u00fasculos en buena forma, sobre todo a medida que envejecemos. En mi dieta, me aseguro de comer alimentos magros como tofu, pollo y jud\u00edas. Esto me ayud\u00f3 a mantener mi potencia y masa muscular.<\/p>\n<p>Adem\u00e1s, me asegur\u00e9 de que tuvieran sed. Es importante para el est\u00f3mago, la piel y la salud en general beber suficiente agua. Yo intentaba beber al menos ocho vasos de agua al d\u00eda. A veces a\u00f1ado pepino o lim\u00f3n al agua para que sepa mejor y le aporte m\u00e1s nutrientes.<\/p>\n<p>Finalmente, empec\u00e9 a tomar vitaminas para compensar los nutrientes que me faltaban. La vitamina D y el calcio son especialmente importantes para la salud \u00f3sea, ya que la osteoporosis es m\u00e1s probable con la edad. Tambi\u00e9n tom\u00e9 vitaminas omega-3, que ayudan a mantener sanos el coraz\u00f3n y el cerebro.<\/p>\n<p>Hacer estos cambios en mi alimentaci\u00f3n tuvo un efecto enorme en mi salud, energ\u00eda y felicidad. En lugar de hacer grandes cambios de golpe, se trataba de hacer peque\u00f1os cambios a lo largo del tiempo que se sumaban a una gran diferencia.<\/p>\n<figure id=\"attachment_138\" aria-describedby=\"caption-attachment-138\" style=\"width: 225px\" class=\"wp-caption alignnone\"><img loading=\"lazy\" decoding=\"async\" class=\"size-medium wp-image-138\" src=\"https:\/\/hospitalesespanol.com\/wp-content\/uploads\/2024\/05\/212-23-225x300.png\" alt=\"Caminando por los Senderos Gastron\u00f3micos de la Regi\u00f3n\" width=\"225\" height=\"300\" srcset=\"https:\/\/hospitalesespanol.com\/wp-content\/uploads\/2024\/05\/212-23-225x300.png 225w, https:\/\/hospitalesespanol.com\/wp-content\/uploads\/2024\/05\/212-23-300x400.png 300w, https:\/\/hospitalesespanol.com\/wp-content\/uploads\/2024\/05\/212-23.png 768w\" sizes=\"auto, (max-width: 225px) 100vw, 225px\" \/><figcaption id=\"caption-attachment-138\" class=\"wp-caption-text\">Explorando los rincones gastron\u00f3micos escondidos en cada rinc\u00f3n de la regi\u00f3n.<\/figcaption><\/figure>\n<h2>Verduras de Hoja Verde: Fuente de vitaminas y Minerales.<\/h2>\n<p>Las verduras de hoja verde se convirtieron en una parte importante de mi dieta cuando trabaj\u00e9 para mejorar mi salud despu\u00e9s de los 40 a\u00f1os. Ahora comemos espinacas, col rizada y acelgas constantemente. Estas verduras est\u00e1n llenas de minerales y vitaminas que el cuerpo necesita para hacer muchas cosas.<\/p>\n<p>Por ejemplo, tienen mucha vitamina K, que es importante para la salud de los huesos y la coagulaci\u00f3n de la sangre. Descubr\u00ed que la vitamina K ayuda a producir prote\u00ednas necesarias para la formaci\u00f3n de los huesos. Esto me result\u00f3 especialmente \u00fatil porque, a medida que la gente envejece, su densidad \u00f3sea empieza a reducirse.<\/p>\n<p>Estas verduras tambi\u00e9n tienen vitamina A, que es importante para mantener la piel y los ojos sanos. Cuando empec\u00e9 a comer m\u00e1s verduras frescas, not\u00e9 una gran diferencia en el aspecto de mi piel y en lo bien que ve\u00eda por la noche.<\/p>\n<p>Las verduras de hoja verde tambi\u00e9n tienen mucho folato, una vitamina B que las c\u00e9lulas necesitan para crecer y para que funcione la digesti\u00f3n. El folato es un mineral importante para las mujeres porque puede ayudar a evitar la anemia y a mantener sano el cerebro. Tambi\u00e9n se utiliza para fabricar ADN y ARN.<\/p>\n<p>Yo a\u00f1ado mucho estas verduras a mis comidas, preparando bebidas o ensaladas. Una de mis bebidas favoritas es una bebida a base de col rizada, espinacas, zumo de lim\u00f3n y jengibre. No s\u00f3lo te aporta nutrientes, sino que adem\u00e1s sabe muy bien y te despierta.<\/p>\n<p>A\u00f1adir verduras sanas a mi dieta tambi\u00e9n ayud\u00f3 a que mi est\u00f3mago se sintiera mejor. Estas verduras contienen mucha fibra, que ayuda a mantener sano el sistema intestinal. Su consumo regular me hizo sentir menos hinchada y me ayud\u00f3 a ir al ba\u00f1o m\u00e1s a menudo.<\/p>\n<p>Estos peque\u00f1os cambios, como poner un poco de espinacas en mi bebida por la ma\u00f1ana o comer una ensalada con la cena, han supuesto una gran diferencia en c\u00f3mo me siento cada d\u00eda. Ahora tengo m\u00e1s energ\u00eda y me siento m\u00e1s equilibrada en general.<\/p>\n<div class=\"mceTemp\"><\/div>\n<figure id=\"attachment_137\" aria-describedby=\"caption-attachment-137\" style=\"width: 225px\" class=\"wp-caption alignnone\"><img loading=\"lazy\" decoding=\"async\" class=\"size-medium wp-image-137\" src=\"https:\/\/hospitalesespanol.com\/wp-content\/uploads\/2024\/05\/212-22-225x300.png\" alt=\"Degustando Delicias Culinarias en un Restaurante Local\" width=\"225\" height=\"300\" srcset=\"https:\/\/hospitalesespanol.com\/wp-content\/uploads\/2024\/05\/212-22-225x300.png 225w, https:\/\/hospitalesespanol.com\/wp-content\/uploads\/2024\/05\/212-22-300x400.png 300w, https:\/\/hospitalesespanol.com\/wp-content\/uploads\/2024\/05\/212-22.png 768w\" sizes=\"auto, (max-width: 225px) 100vw, 225px\" \/><figcaption id=\"caption-attachment-137\" class=\"wp-caption-text\">Sumergi\u00e9ndose en los aromas y sabores de la cocina local en un restaurante acogedor.<\/figcaption><\/figure>\n<h2>Pescado graso: Omega-3 para el coraz\u00f3n y el Cerebro.<\/h2>\n<p>A\u00f1adir salm\u00f3n y caballa, ricos en grasas, a mi dieta lo cambi\u00f3 todo. Los \u00e1cidos grasos omega-3, que se encuentran en grandes cantidades en estos pescados, son buenos para el coraz\u00f3n y el cerebro. El pescado graso pas\u00f3 a formar parte habitual de mis comidas, al menos dos veces por semana.<\/p>\n<p>Los omega-3, especialmente el EPA y el DHA, son muy importantes para mantener sano el coraz\u00f3n y reducir la inflamaci\u00f3n. Ayudan a reducir la tensi\u00f3n arterial y los niveles de colesterol, lo que disminuye el riesgo de enfermedades cardiacas. Cuando empec\u00e9 a comer pescado graso con regularidad, vi que mis niveles de colesterol bajaban.<\/p>\n<p>Estos \u00e1cidos grasos tambi\u00e9n ayudan a la salud cerebral, ya que facilitan pensar y recordar cosas y ralentizan el proceso de envejecimiento. Me parec\u00eda m\u00e1s inteligente, recordaba mejor las cosas y me concentraba mejor.<\/p>\n<p>Adem\u00e1s, el pescado graso es una excelente forma de obtener vitamina D, que es importante para la salud \u00f3sea. El calcio es importante para mantener fuertes los huesos y los dientes, y la vitamina D ayuda al organismo a absorberlo. Incorporar pescado graso a mi dieta me ayud\u00f3 a obtener suficiente vitamina D, especialmente durante el invierno, cuando no tomo tanto el sol.<\/p>\n<div id='gallery-1' class='gallery galleryid-166 gallery-columns-5 gallery-size-thumbnail'><figure class='gallery-item'>\n\t\t\t<div class='gallery-icon landscape'>\n\t\t\t\t<a href='https:\/\/hospitalesespanol.com\/?attachment_id=48'><img loading=\"lazy\" decoding=\"async\" width=\"150\" height=\"150\" src=\"https:\/\/hospitalesespanol.com\/wp-content\/uploads\/2024\/01\/IMAGEeacde9e8-f941-4c23-9328-79e304c820ca-150x150.png\" class=\"attachment-thumbnail size-thumbnail\" alt=\"Asistencia Sanitaria Espa\u00f1a\" aria-describedby=\"gallery-1-48\" \/><\/a>\n\t\t\t<\/div>\n\t\t\t\t<figcaption class='wp-caption-text gallery-caption' id='gallery-1-48'>\n\t\t\t\tCuidado Salud Espa\u00f1a\n\t\t\t\t<\/figcaption><\/figure><figure class='gallery-item'>\n\t\t\t<div class='gallery-icon landscape'>\n\t\t\t\t<a href='https:\/\/hospitalesespanol.com\/?attachment_id=53'><img loading=\"lazy\" decoding=\"async\" width=\"150\" height=\"150\" src=\"https:\/\/hospitalesespanol.com\/wp-content\/uploads\/2024\/01\/IMAGE93a35590-06ec-436c-9ead-4a49f5021149-150x150.png\" class=\"attachment-thumbnail size-thumbnail\" alt=\"Investigaci\u00f3n M\u00e9dica Espa\u00f1a\" aria-describedby=\"gallery-1-53\" \/><\/a>\n\t\t\t<\/div>\n\t\t\t\t<figcaption class='wp-caption-text gallery-caption' id='gallery-1-53'>\n\t\t\t\tAvances M\u00e9dicos Espa\u00f1a\n\n\t\t\t\t<\/figcaption><\/figure><figure class='gallery-item'>\n\t\t\t<div class='gallery-icon landscape'>\n\t\t\t\t<a href='https:\/\/hospitalesespanol.com\/?attachment_id=52'><img loading=\"lazy\" decoding=\"async\" width=\"150\" height=\"150\" src=\"https:\/\/hospitalesespanol.com\/wp-content\/uploads\/2024\/01\/IMAGE878d3d71-45db-42d8-8f1b-413dcab29bea-150x150.png\" class=\"attachment-thumbnail size-thumbnail\" alt=\"Paciente Hospital Espa\u00f1a\" aria-describedby=\"gallery-1-52\" \/><\/a>\n\t\t\t<\/div>\n\t\t\t\t<figcaption class='wp-caption-text gallery-caption' id='gallery-1-52'>\n\t\t\t\tSeguridad Paciente Hospital\n\n\t\t\t\t<\/figcaption><\/figure><figure class='gallery-item'>\n\t\t\t<div class='gallery-icon landscape'>\n\t\t\t\t<a href='https:\/\/hospitalesespanol.com\/?attachment_id=51'><img loading=\"lazy\" decoding=\"async\" width=\"150\" height=\"150\" src=\"https:\/\/hospitalesespanol.com\/wp-content\/uploads\/2024\/01\/IMAGEf6aa52e4-e8b9-4009-b743-307da370b0cd-150x150.png\" class=\"attachment-thumbnail size-thumbnail\" alt=\"Tecnolog\u00eda M\u00e9dica Espa\u00f1a\" aria-describedby=\"gallery-1-51\" \/><\/a>\n\t\t\t<\/div>\n\t\t\t\t<figcaption class='wp-caption-text gallery-caption' id='gallery-1-51'>\n\t\t\t\tBeneficios Tecnolog\u00eda Hospitalaria\n\n\t\t\t\t<\/figcaption><\/figure><figure class='gallery-item'>\n\t\t\t<div class='gallery-icon landscape'>\n\t\t\t\t<a href='https:\/\/hospitalesespanol.com\/?attachment_id=50'><img loading=\"lazy\" decoding=\"async\" width=\"150\" height=\"150\" src=\"https:\/\/hospitalesespanol.com\/wp-content\/uploads\/2024\/01\/IMAGE68f0cb3e-e67d-4064-abd6-dd11ece7b375-150x150.png\" class=\"attachment-thumbnail size-thumbnail\" alt=\"Emergencias M\u00e9dicas Espa\u00f1a\" aria-describedby=\"gallery-1-50\" \/><\/a>\n\t\t\t<\/div>\n\t\t\t\t<figcaption class='wp-caption-text gallery-caption' id='gallery-1-50'>\n\t\t\t\tElegir Hospital Espa\u00f1a\n\t\t\t\t<\/figcaption><\/figure>\n\t\t<\/div>\n\n<p>Para que mis comidas fueran interesantes, prob\u00e9 diferentes recetas. Una de mis favoritas era el pescado a la plancha con eneldo y un chorrito de lim\u00f3n. Tambi\u00e9n me gustaba preparar pat\u00e9 de caballa, que com\u00eda como almuerzo saludable con tostadas de pan integral.<\/p>\n<p>Los pescados grasos tienen muchas prote\u00ednas, omega-3 y vitamina D. Las prote\u00ednas ayudan a los m\u00fasculos a mantenerse fuertes y a recuperarse. Esto era especialmente importante para m\u00ed porque hac\u00eda ejercicio regularmente para mantenerme en forma.<\/p>\n<p>Adem\u00e1s de llevar una vida activa, estos cambios en mi dieta ayudaron a mi salud general. Mi salud f\u00edsica mejor\u00f3, ten\u00eda m\u00e1s energ\u00eda y mi funci\u00f3n cerebral mejor\u00f3. Una forma f\u00e1cil pero eficaz de mejorar mi salud a medida que envejec\u00eda fue comer pescado graso.<\/p>\n<h2>Frutas del Bosque: Antioxidantes y Fibra<\/h2>\n<p>Bayas como las moras, las frambuesas, los ar\u00e1ndanos y las fresas se convirtieron en una sabrosa parte de mi dieta. Estas frutas no s\u00f3lo tienen un sabor delicioso, sino que tambi\u00e9n est\u00e1n llenas de fibra y vitaminas, que son buenas para ti de muchas maneras.<\/p>\n<p>Las bayas tienen antioxidantes que ayudan a combatir el estr\u00e9s oxidativo deshaci\u00e9ndose de los radicales libres del cuerpo. Esto reduce el da\u00f1o a las c\u00e9lulas, que puede provocar enfermedades a largo plazo como el c\u00e1ncer y las cardiopat\u00edas. Las bayas me hicieron sentir m\u00e1s activa y menos propensa a enfermar despu\u00e9s de empezar a comerlas.<\/p>\n<p>La vitamina C, que se encuentra en grandes cantidades en las bayas, ayuda al organismo a producir col\u00e1geno, importante para una piel sana. Cuando empec\u00e9 a comer vayas a diario, not\u00e9 un cambio en la elasticidad y el aspecto general de mi rostro. La vitamina C tambi\u00e9n ayuda al organismo a absorber el hierro de los alimentos vegetales, lo que es muy importante para evitar la anemia.<\/p>\n<p>Las bayas tambi\u00e9n son buenas porque contienen fibra. La fibra diet\u00e9tica es buena para la salud intestinal porque ayuda a tener movimientos intestinales normales y evita el estre\u00f1imiento. Tambi\u00e9n ayuda a mantener controlados los niveles de az\u00facar en sangre, lo que es importante para mantener la energ\u00eda y evitar la resistencia a la insulina. Un pu\u00f1ado de bayas en el desayuno o como tentempi\u00e9 me saciaba durante m\u00e1s tiempo y me quitaba las ganas de picar algo.<\/p>\n<figure id=\"attachment_51\" aria-describedby=\"caption-attachment-51\" style=\"width: 640px\" class=\"wp-caption alignnone\"><img loading=\"lazy\" decoding=\"async\" class=\"size-large wp-image-51\" src=\"https:\/\/hospitalesespanol.com\/wp-content\/uploads\/2024\/01\/IMAGEf6aa52e4-e8b9-4009-b743-307da370b0cd-1024x683.png\" alt=\"Tecnolog\u00eda M\u00e9dica Espa\u00f1a\" width=\"640\" height=\"427\" srcset=\"https:\/\/hospitalesespanol.com\/wp-content\/uploads\/2024\/01\/IMAGEf6aa52e4-e8b9-4009-b743-307da370b0cd-1024x683.png 1024w, https:\/\/hospitalesespanol.com\/wp-content\/uploads\/2024\/01\/IMAGEf6aa52e4-e8b9-4009-b743-307da370b0cd-300x200.png 300w, https:\/\/hospitalesespanol.com\/wp-content\/uploads\/2024\/01\/IMAGEf6aa52e4-e8b9-4009-b743-307da370b0cd-768x512.png 768w, https:\/\/hospitalesespanol.com\/wp-content\/uploads\/2024\/01\/IMAGEf6aa52e4-e8b9-4009-b743-307da370b0cd-850x567.png 850w, https:\/\/hospitalesespanol.com\/wp-content\/uploads\/2024\/01\/IMAGEf6aa52e4-e8b9-4009-b743-307da370b0cd.png 1152w\" sizes=\"auto, (max-width: 640px) 100vw, 640px\" \/><figcaption id=\"caption-attachment-51\" class=\"wp-caption-text\">Beneficios Tecnolog\u00eda Hospitalaria<\/figcaption><\/figure>\n<p>Las antocianinas, los pigmentos que dan a las bayas sus brillantes colores, pueden ayudar a su cerebro a funcionar mejor. Los estudios demuestran que estas sustancias qu\u00edmicas pueden mejorar la memoria y la funci\u00f3n cerebral. Las bayas pasaron a formar parte de mi dieta cuando las a\u00f1ad\u00ed al yogur, los cereales y las bebidas. Esto no s\u00f3lo a\u00f1ad\u00eda color a mi comida, sino que tambi\u00e9n me hac\u00eda sentir mejor.<\/p>\n<p>Tanto las vayas frescas como las congeladas son saludables, as\u00ed que puedes comerlas en cualquier \u00e9poca del a\u00f1o. Para una bebida r\u00e1pida y saludable, suelo mezclar bayas congeladas con un pl\u00e1tano y leche de almendras.<\/p>\n<p>A\u00f1adir bayas a mi dieta fue una forma f\u00e1cil y eficaz de obtener m\u00e1s nutrientes de los que necesitaba. Al tener un alto contenido en fibra y vitaminas, estos alimentos manten\u00edan mi energ\u00eda alta y ayudaban a mi salud.<\/p>\n<h2>Frutos Secos y Semillas: Grasas Saludables y Nutrientes Esenciales.<\/h2>\n<p>Como tienen grasas buenas, prote\u00ednas y nutrientes importantes, los frutos secos y las semillas se convirtieron en una parte importante de mi dieta. Algunos de mis frutos secos favoritos son las semillas de lino, las almendras, las nueces y las semillas de ch\u00eda. Estos alimentos son f\u00e1ciles de encontrar, se pueden utilizar de muchas maneras y son muy buenos para ti.<\/p>\n<p>Puedes obtener muchas grasas buenas de los frutos secos y las semillas, especialmente grasas monoinsaturadas y poliinsaturadas. Estas grasas reducen la cantidad de colesterol malo en el organismo y disminuyen el riesgo de desarrollar enfermedades cardiacas. Tambi\u00e9n tienen \u00e1cidos grasos omega-3, que son buenos para la salud cerebral y reducen la inflamaci\u00f3n. A\u00f1adir un pu\u00f1ado de frutos secos o una pizca de semillas a mis comidas hizo que mi coraz\u00f3n estuviera m\u00e1s sano y ayud\u00f3 a que mi cerebro funcionara mejor.<\/p>\n<p>Adem\u00e1s, estos alimentos tienen muchas prote\u00ednas, que son importantes para mantener los m\u00fasculos fuertes y curarlos. Las personas que siguen una dieta basada en plantas pueden obtener muchas prote\u00ednas de los frutos secos y las semillas. Para m\u00ed, una forma f\u00e1cil de obtener m\u00e1s prote\u00ednas es poner semillas de lino o de ch\u00eda en mi yogur por la ma\u00f1ana.<\/p>\n<p>La vitamina E, el calcio y el cobre son s\u00f3lo algunas de las vitaminas y minerales importantes que contienen los frutos secos y las semillas. Como antioxidante, la vitamina E evita que las c\u00e9lulas se da\u00f1en y ayuda a mantener la piel sana. Cuando com\u00eda frutos secos y semillas a diario, notaba que mi cara estaba m\u00e1s luminosa y menos seca. El magnesio es importante para la salud \u00f3sea, la funci\u00f3n muscular y para producir energ\u00eda. El zinc ayuda a que funcione el sistema de defensa y cura las heridas.<\/p>\n<p>La fibra de los frutos secos y las semillas ayuda al organismo a digerir los alimentos y a mantener estables los niveles de az\u00facar en sangre. Necesitaba evitar los bajones de energ\u00eda y mantenerme saciada todo el d\u00eda, as\u00ed que esto era especialmente importante para m\u00ed. Empec\u00e9 a comer m\u00e1s frutos secos y semillas, a\u00f1adi\u00e9ndolos a la avena, las sopas y las barritas energ\u00e9ticas que yo misma preparaba.<\/p>\n<p>Una mezcla de almendras, cacahuetes y ar\u00e1ndanos secos se convirti\u00f3 en uno de mis tentempi\u00e9s favoritos. Esta mezcla ten\u00eda la cantidad adecuada de grasas buenas, prote\u00ednas y carbohidratos para que me sintiera saciada. Tambi\u00e9n me gustaba hacer pudin de ch\u00eda poniendo semillas de ch\u00eda y leche de almendras en un bol y dej\u00e1ndolo reposar toda la noche. Era una opci\u00f3n saludable y sabrosa para el desayuno.<\/p>\n<p>Puedes aumentar f\u00e1cilmente tu ingesta de grasas saludables y nutrientes importantes a\u00f1adiendo frutos secos y semillas a tu dieta. Estas cosas me ayudaron a mantener mi energ\u00eda, mi coraz\u00f3n sano y mi piel m\u00e1s bonita.<\/p>\n<div id='gallery-2' class='gallery galleryid-166 gallery-columns-2 gallery-size-medium'><figure class='gallery-item'>\n\t\t\t<div class='gallery-icon portrait'>\n\t\t\t\t<a href='https:\/\/hospitalesespanol.com\/?attachment_id=119'><img loading=\"lazy\" decoding=\"async\" width=\"169\" height=\"300\" src=\"https:\/\/hospitalesespanol.com\/wp-content\/uploads\/2024\/05\/212-4-169x300.png\" class=\"attachment-medium size-medium\" alt=\"Explorando la Cultura del Caf\u00e9 en una Plantaci\u00f3n\" aria-describedby=\"gallery-2-119\" srcset=\"https:\/\/hospitalesespanol.com\/wp-content\/uploads\/2024\/05\/212-4-169x300.png 169w, https:\/\/hospitalesespanol.com\/wp-content\/uploads\/2024\/05\/212-4-578x1024.png 578w, https:\/\/hospitalesespanol.com\/wp-content\/uploads\/2024\/05\/212-4-300x531.png 300w, https:\/\/hospitalesespanol.com\/wp-content\/uploads\/2024\/05\/212-4.png 664w\" sizes=\"auto, (max-width: 169px) 100vw, 169px\" \/><\/a>\n\t\t\t<\/div>\n\t\t\t\t<figcaption class='wp-caption-text gallery-caption' id='gallery-2-119'>\n\t\t\t\tSum\u00e9rgete en el mundo del caf\u00e9 mientras exploras una plantaci\u00f3n donde se cultiva el elixir de la ma\u00f1ana\n\t\t\t\t<\/figcaption><\/figure>\n\t\t<\/div>\n\n<p>Mi salud general y mi bienestar mejoraron mucho cuando cambi\u00e9 mi dieta para incluir m\u00e1s alimentos ricos en nutrientes, como verduras de hoja verde, pescados grasos, bayas, frutos secos y semillas. Estos cambios en mi dieta, sencillos pero eficaces, aportaron a mi cuerpo las vitaminas, los minerales y las grasas buenas que necesita para vivir despu\u00e9s de los cuarenta. Centrarme en los alimentos integrales e incluir estas opciones saludables en mis comidas me dio m\u00e1s energ\u00eda, me ayud\u00f3 a mantener mi masa muscular y mejor\u00f3 la salud de mi coraz\u00f3n y mi cerebro.<\/p>\n<hr \/>\n<p><a class=\"wp-block-latest-posts__post-title\" href=\"https:\/\/hospitalesespanol.com\/?p=163\">Dalgi Cuesta Barrios: \u00bfCu\u00e1les son los 5 alimentos que limpian el higado?<\/a><\/p>\n<\/div>\n<\/div>\n<\/div>\n<\/div>\n<\/div>\n<\/div>\n<\/div>\n<\/div>\n<\/div>\n<\/div>\n<\/div>\n<\/div>\n<\/div>\n","protected":false},"excerpt":{"rendered":"<p>Mejores alimentos para las mujeres de m\u00e1s de 40 a\u00f1os. As\u00ed que, para empezar, reduje&#8230;<\/p>\n","protected":false},"author":2,"featured_media":138,"parent":0,"menu_order":0,"comment_status":"closed","ping_status":"closed","template":"","meta":{"footnotes":""},"class_list":["post-166","page","type-page","status-publish","has-post-thumbnail","hentry"],"aioseo_notices":[],"_links":{"self":[{"href":"https:\/\/hospitalesespanol.com\/index.php?rest_route=\/wp\/v2\/pages\/166","targetHints":{"allow":["GET"]}}],"collection":[{"href":"https:\/\/hospitalesespanol.com\/index.php?rest_route=\/wp\/v2\/pages"}],"about":[{"href":"https:\/\/hospitalesespanol.com\/index.php?rest_route=\/wp\/v2\/types\/page"}],"author":[{"embeddable":true,"href":"https:\/\/hospitalesespanol.com\/index.php?rest_route=\/wp\/v2\/users\/2"}],"replies":[{"embeddable":true,"href":"https:\/\/hospitalesespanol.com\/index.php?rest_route=%2Fwp%2Fv2%2Fcomments&post=166"}],"version-history":[{"count":1,"href":"https:\/\/hospitalesespanol.com\/index.php?rest_route=\/wp\/v2\/pages\/166\/revisions"}],"predecessor-version":[{"id":168,"href":"https:\/\/hospitalesespanol.com\/index.php?rest_route=\/wp\/v2\/pages\/166\/revisions\/168"}],"wp:featuredmedia":[{"embeddable":true,"href":"https:\/\/hospitalesespanol.com\/index.php?rest_route=\/wp\/v2\/media\/138"}],"wp:attachment":[{"href":"https:\/\/hospitalesespanol.com\/index.php?rest_route=%2Fwp%2Fv2%2Fmedia&parent=166"}],"curies":[{"name":"wp","href":"https:\/\/api.w.org\/{rel}","templated":true}]}}